{"id":98,"date":"2020-02-08T10:45:24","date_gmt":"2020-02-08T07:45:24","guid":{"rendered":"https:\/\/www.demirkolpet.com\/de\/?page_id=98"},"modified":"2020-03-05T14:44:28","modified_gmt":"2020-03-05T11:44:28","slug":"kalb-nacken-nerven","status":"publish","type":"page","link":"https:\/\/www.demirkolpet.com\/de\/kalb-nacken-nerven\/","title":{"rendered":"Rinder Nackensehnen"},"content":{"rendered":"<h1>Rinder Nackensehnen 15cm oder 30cm<\/h1>\n<p>Knusprige Hundekekse. Praktische Portionen k\u00f6nnen z\u00e4h und langlebig sein. Es gibt lang anhaltendes Vergn\u00fcgen zu kauen. Es ist reich an Eiwei\u00df, Vitamin und lecker.<\/p>\n<h3>Komponenten-Mindestwerte,<\/h3>\n<p>Rohproteinwert: 70.8%<\/p>\n<p>Roh\u00f6l: 17,4%<\/p>\n<p>Rohe Asche: 2,4%<\/p>\n<p>Feuchtigkeit: 7,2<\/p>\n<p><img decoding=\"async\" class=\"lazyload alignnone size-full wp-image-279\" src=\"https:\/\/www.demirkolpet.com\/de\/wp-content\/uploads\/2020\/02\/beef-nacksnew.jpg\" data-orig-src=\"https:\/\/www.demirkolpet.com\/de\/wp-content\/uploads\/2020\/02\/beef-nacksnew.jpg\" alt=\"\" width=\"500\" height=\"500\" srcset=\"data:image\/svg+xml,%3Csvg%20xmlns%3D%27http%3A%2F%2Fwww.w3.org%2F2000%2Fsvg%27%20width%3D%27500%27%20height%3D%27500%27%20viewBox%3D%270%200%20500%20500%27%3E%3Crect%20width%3D%27500%27%20height%3D%27500%27%20fill-opacity%3D%220%22%2F%3E%3C%2Fsvg%3E\" data-srcset=\"https:\/\/www.demirkolpet.com\/de\/wp-content\/uploads\/2020\/02\/beef-nacksnew-66x66.jpg 66w, https:\/\/www.demirkolpet.com\/de\/wp-content\/uploads\/2020\/02\/beef-nacksnew-150x150.jpg 150w, https:\/\/www.demirkolpet.com\/de\/wp-content\/uploads\/2020\/02\/beef-nacksnew-200x200.jpg 200w, https:\/\/www.demirkolpet.com\/de\/wp-content\/uploads\/2020\/02\/beef-nacksnew-300x300.jpg 300w, https:\/\/www.demirkolpet.com\/de\/wp-content\/uploads\/2020\/02\/beef-nacksnew-400x400.jpg 400w, https:\/\/www.demirkolpet.com\/de\/wp-content\/uploads\/2020\/02\/beef-nacksnew.jpg 500w\" data-sizes=\"auto\" data-orig-sizes=\"(max-width: 500px) 100vw, 500px\" \/><img decoding=\"async\" class=\"lazyload alignnone size-full wp-image-282\" src=\"https:\/\/www.demirkolpet.com\/de\/wp-content\/uploads\/2020\/02\/rindernackhensehne.jpg\" data-orig-src=\"https:\/\/www.demirkolpet.com\/de\/wp-content\/uploads\/2020\/02\/rindernackhensehne.jpg\" alt=\"\" width=\"500\" height=\"500\" srcset=\"data:image\/svg+xml,%3Csvg%20xmlns%3D%27http%3A%2F%2Fwww.w3.org%2F2000%2Fsvg%27%20width%3D%27500%27%20height%3D%27500%27%20viewBox%3D%270%200%20500%20500%27%3E%3Crect%20width%3D%27500%27%20height%3D%27500%27%20fill-opacity%3D%220%22%2F%3E%3C%2Fsvg%3E\" data-srcset=\"https:\/\/www.demirkolpet.com\/de\/wp-content\/uploads\/2020\/02\/rindernackhensehne-66x66.jpg 66w, https:\/\/www.demirkolpet.com\/de\/wp-content\/uploads\/2020\/02\/rindernackhensehne-150x150.jpg 150w, https:\/\/www.demirkolpet.com\/de\/wp-content\/uploads\/2020\/02\/rindernackhensehne-200x200.jpg 200w, https:\/\/www.demirkolpet.com\/de\/wp-content\/uploads\/2020\/02\/rindernackhensehne-300x300.jpg 300w, https:\/\/www.demirkolpet.com\/de\/wp-content\/uploads\/2020\/02\/rindernackhensehne-400x400.jpg 400w, https:\/\/www.demirkolpet.com\/de\/wp-content\/uploads\/2020\/02\/rindernackhensehne.jpg 500w\" data-sizes=\"auto\" data-orig-sizes=\"(max-width: 500px) 100vw, 500px\" \/><\/p>\n","protected":false},"excerpt":{"rendered":"<p>Rinder Nackensehnen 15cm oder 30cm Knusprige Hundekekse. Praktische Portionen k\u00f6nnen  [&#8230;]<\/p>\n","protected":false},"author":1,"featured_media":0,"parent":0,"menu_order":0,"comment_status":"closed","ping_status":"closed","template":"","meta":{"footnotes":""},"class_list":["post-98","page","type-page","status-publish","hentry"],"_links":{"self":[{"href":"https:\/\/www.demirkolpet.com\/de\/wp-json\/wp\/v2\/pages\/98","targetHints":{"allow":["GET"]}}],"collection":[{"href":"https:\/\/www.demirkolpet.com\/de\/wp-json\/wp\/v2\/pages"}],"about":[{"href":"https:\/\/www.demirkolpet.com\/de\/wp-json\/wp\/v2\/types\/page"}],"author":[{"embeddable":true,"href":"https:\/\/www.demirkolpet.com\/de\/wp-json\/wp\/v2\/users\/1"}],"replies":[{"embeddable":true,"href":"https:\/\/www.demirkolpet.com\/de\/wp-json\/wp\/v2\/comments?post=98"}],"version-history":[{"count":6,"href":"https:\/\/www.demirkolpet.com\/de\/wp-json\/wp\/v2\/pages\/98\/revisions"}],"predecessor-version":[{"id":638,"href":"https:\/\/www.demirkolpet.com\/de\/wp-json\/wp\/v2\/pages\/98\/revisions\/638"}],"wp:attachment":[{"href":"https:\/\/www.demirkolpet.com\/de\/wp-json\/wp\/v2\/media?parent=98"}],"curies":[{"name":"wp","href":"https:\/\/api.w.org\/{rel}","templated":true}]}}