{"id":92,"date":"2020-02-08T10:44:24","date_gmt":"2020-02-08T07:44:24","guid":{"rendered":"https:\/\/www.demirkolpet.com\/de\/?page_id=92"},"modified":"2020-03-05T14:45:35","modified_gmt":"2020-03-05T11:45:35","slug":"kalb-fus-nerven","status":"publish","type":"page","link":"https:\/\/www.demirkolpet.com\/de\/kalb-fus-nerven\/","title":{"rendered":"Rinder Achillessehnen"},"content":{"rendered":"<h1>Rinder Achillessehnen<\/h1>\n<p>Knuspriges, hartes Essen. Es ist praktisch und leicht zu warten. Es ist schwer und langlebig zu brechen. Es macht Freude, lange zu kauen.<\/p>\n<p>Dieses nat\u00fcrliche Kauprodukt ist am besten f\u00fcr z\u00e4he Hunde geeignet.<\/p>\n<p>Getrocknete Nervengewebe sind sehr hart und schwer zu kauen. Rinderhalsnerven k\u00f6nnen in praktische St\u00fccke portioniert werden und jedes St\u00fcck gibt ein langes Kauvergn\u00fcgen. Der Kalbsfu\u00dfnerv ist kalorienarm und vollst\u00e4ndig proteinreich. So ist es ideal als t\u00e4gliches Spa\u00dfkauen f\u00fcr Hunde, die dazu neigen, an Gewicht zuzunehmen. Da Rindfleischnerven wenig Fett enthalten, ist es auch eine sehr gute Nahrungsquelle f\u00fcr Hunde, die empfindlich auf Futter reagieren. Rindernerven sind ideal f\u00fcr alle erwachsenen Hunde. Rindfleischnerv ist ein knuspriges, leichtes Kauprodukt. F\u00fcr Welpen und kleine Hunde empfehlen wir Kalbspansen, der den gleichen Geschmack wie unsere weicheren Produkte hat.<\/p>\n<h3>Komponenten-Mindestwerte,<\/h3>\n<p>Rohproteinwert: 77.9%<\/p>\n<p>Roh\u00f6l: 5,9%<\/p>\n<p>Rohe Asche: 7,3%<\/p>\n<p>Feuchtigkeit: 7,3<\/p>\n<p><img decoding=\"async\" class=\"lazyload alignnone size-full wp-image-224\" src=\"https:\/\/www.demirkolpet.com\/de\/wp-content\/uploads\/2020\/02\/calftendon.jpg\" data-orig-src=\"https:\/\/www.demirkolpet.com\/de\/wp-content\/uploads\/2020\/02\/calftendon.jpg\" alt=\"\" width=\"500\" height=\"500\" srcset=\"data:image\/svg+xml,%3Csvg%20xmlns%3D%27http%3A%2F%2Fwww.w3.org%2F2000%2Fsvg%27%20width%3D%27500%27%20height%3D%27500%27%20viewBox%3D%270%200%20500%20500%27%3E%3Crect%20width%3D%27500%27%20height%3D%27500%27%20fill-opacity%3D%220%22%2F%3E%3C%2Fsvg%3E\" data-srcset=\"https:\/\/www.demirkolpet.com\/de\/wp-content\/uploads\/2020\/02\/calftendon-66x66.jpg 66w, https:\/\/www.demirkolpet.com\/de\/wp-content\/uploads\/2020\/02\/calftendon-150x150.jpg 150w, https:\/\/www.demirkolpet.com\/de\/wp-content\/uploads\/2020\/02\/calftendon-200x200.jpg 200w, https:\/\/www.demirkolpet.com\/de\/wp-content\/uploads\/2020\/02\/calftendon-300x300.jpg 300w, https:\/\/www.demirkolpet.com\/de\/wp-content\/uploads\/2020\/02\/calftendon-400x400.jpg 400w, https:\/\/www.demirkolpet.com\/de\/wp-content\/uploads\/2020\/02\/calftendon.jpg 500w\" data-sizes=\"auto\" data-orig-sizes=\"(max-width: 500px) 100vw, 500px\" \/><\/p>\n","protected":false},"excerpt":{"rendered":"<p>Rinder Achillessehnen Knuspriges, hartes Essen. Es ist praktisch und leicht  [&#8230;]<\/p>\n","protected":false},"author":1,"featured_media":0,"parent":0,"menu_order":0,"comment_status":"closed","ping_status":"closed","template":"","meta":{"footnotes":""},"class_list":["post-92","page","type-page","status-publish","hentry"],"_links":{"self":[{"href":"https:\/\/www.demirkolpet.com\/de\/wp-json\/wp\/v2\/pages\/92","targetHints":{"allow":["GET"]}}],"collection":[{"href":"https:\/\/www.demirkolpet.com\/de\/wp-json\/wp\/v2\/pages"}],"about":[{"href":"https:\/\/www.demirkolpet.com\/de\/wp-json\/wp\/v2\/types\/page"}],"author":[{"embeddable":true,"href":"https:\/\/www.demirkolpet.com\/de\/wp-json\/wp\/v2\/users\/1"}],"replies":[{"embeddable":true,"href":"https:\/\/www.demirkolpet.com\/de\/wp-json\/wp\/v2\/comments?post=92"}],"version-history":[{"count":7,"href":"https:\/\/www.demirkolpet.com\/de\/wp-json\/wp\/v2\/pages\/92\/revisions"}],"predecessor-version":[{"id":640,"href":"https:\/\/www.demirkolpet.com\/de\/wp-json\/wp\/v2\/pages\/92\/revisions\/640"}],"wp:attachment":[{"href":"https:\/\/www.demirkolpet.com\/de\/wp-json\/wp\/v2\/media?parent=92"}],"curies":[{"name":"wp","href":"https:\/\/api.w.org\/{rel}","templated":true}]}}