{"id":84,"date":"2020-02-08T10:42:25","date_gmt":"2020-02-08T07:42:25","guid":{"rendered":"https:\/\/www.demirkolpet.com\/de\/?page_id=84"},"modified":"2020-03-05T15:33:01","modified_gmt":"2020-03-05T12:33:01","slug":"rinderschwanz","status":"publish","type":"page","link":"https:\/\/www.demirkolpet.com\/de\/rinderschwanz\/","title":{"rendered":"Ochsenschwanz"},"content":{"rendered":"<h1>Ochsenschwanz\u00a0 Gelblich 15cm<\/h1>\n<p>Portionen zu machen ist sehr einfach. Sie k\u00f6nnen Ihre Hunde leicht mit Rinderschw\u00e4nzen f\u00fcttern.<\/p>\n<p>Rinderschwanz-15cm<\/p>\n<p>Rinderschwanzst\u00fccke garantieren vollen Kaugenuss.<\/p>\n<p>Aus 100% nat\u00fcrlichem Fleisch getrocknete Rinderschw\u00e4nze bieten Ihrem Hund ein gesundes Vergn\u00fcgen.<\/p>\n<p>Scheibenf\u00f6rmiger Rindfleischschwanz<\/p>\n<p>Wer aufgrund der Steifheit des Kalbsschwanzes gerne schnell kaut, findet auch Freude. Sie werden auch ihre Z\u00e4hne putzen. Es wurde rauchfrei bei 130 \u00b0 C in Hei\u00dfluft\u00f6fen getrocknet. Kein Gew\u00fcrz.<\/p>\n<h3>Komponenten-Mindestwerte,<\/h3>\n<p>Rohproteinwert: 54,7%<\/p>\n<p>Roh\u00f6l: 12,4%<\/p>\n<p>Rohe Asche: 24,4%<\/p>\n<p>Feuchtigkeit: 8,1%<\/p>\n<p><img decoding=\"async\" class=\"lazyload alignnone size-full wp-image-200\" src=\"https:\/\/www.demirkolpet.com\/de\/wp-content\/uploads\/2020\/02\/oxtail-disk.jpg\" data-orig-src=\"https:\/\/www.demirkolpet.com\/de\/wp-content\/uploads\/2020\/02\/oxtail-disk.jpg\" alt=\"\" width=\"500\" height=\"500\" srcset=\"data:image\/svg+xml,%3Csvg%20xmlns%3D%27http%3A%2F%2Fwww.w3.org%2F2000%2Fsvg%27%20width%3D%27500%27%20height%3D%27500%27%20viewBox%3D%270%200%20500%20500%27%3E%3Crect%20width%3D%27500%27%20height%3D%27500%27%20fill-opacity%3D%220%22%2F%3E%3C%2Fsvg%3E\" data-srcset=\"https:\/\/www.demirkolpet.com\/de\/wp-content\/uploads\/2020\/02\/oxtail-disk-66x66.jpg 66w, https:\/\/www.demirkolpet.com\/de\/wp-content\/uploads\/2020\/02\/oxtail-disk-150x150.jpg 150w, https:\/\/www.demirkolpet.com\/de\/wp-content\/uploads\/2020\/02\/oxtail-disk-200x200.jpg 200w, https:\/\/www.demirkolpet.com\/de\/wp-content\/uploads\/2020\/02\/oxtail-disk-300x300.jpg 300w, https:\/\/www.demirkolpet.com\/de\/wp-content\/uploads\/2020\/02\/oxtail-disk-400x400.jpg 400w, https:\/\/www.demirkolpet.com\/de\/wp-content\/uploads\/2020\/02\/oxtail-disk.jpg 500w\" data-sizes=\"auto\" data-orig-sizes=\"(max-width: 500px) 100vw, 500px\" \/><img decoding=\"async\" class=\"lazyload alignnone size-full wp-image-216\" src=\"https:\/\/www.demirkolpet.com\/de\/wp-content\/uploads\/2020\/02\/oxtail-15cm.jpg\" data-orig-src=\"https:\/\/www.demirkolpet.com\/de\/wp-content\/uploads\/2020\/02\/oxtail-15cm.jpg\" alt=\"\" width=\"500\" height=\"500\" srcset=\"data:image\/svg+xml,%3Csvg%20xmlns%3D%27http%3A%2F%2Fwww.w3.org%2F2000%2Fsvg%27%20width%3D%27500%27%20height%3D%27500%27%20viewBox%3D%270%200%20500%20500%27%3E%3Crect%20width%3D%27500%27%20height%3D%27500%27%20fill-opacity%3D%220%22%2F%3E%3C%2Fsvg%3E\" data-srcset=\"https:\/\/www.demirkolpet.com\/de\/wp-content\/uploads\/2020\/02\/oxtail-15cm-66x66.jpg 66w, https:\/\/www.demirkolpet.com\/de\/wp-content\/uploads\/2020\/02\/oxtail-15cm-150x150.jpg 150w, https:\/\/www.demirkolpet.com\/de\/wp-content\/uploads\/2020\/02\/oxtail-15cm-200x200.jpg 200w, https:\/\/www.demirkolpet.com\/de\/wp-content\/uploads\/2020\/02\/oxtail-15cm-300x300.jpg 300w, https:\/\/www.demirkolpet.com\/de\/wp-content\/uploads\/2020\/02\/oxtail-15cm-400x400.jpg 400w, https:\/\/www.demirkolpet.com\/de\/wp-content\/uploads\/2020\/02\/oxtail-15cm.jpg 500w\" data-sizes=\"auto\" data-orig-sizes=\"(max-width: 500px) 100vw, 500px\" \/><\/p>\n","protected":false},"excerpt":{"rendered":"<p>Ochsenschwanz\u00a0 Gelblich 15cm Portionen zu machen ist sehr einfach. Sie  [&#8230;]<\/p>\n","protected":false},"author":1,"featured_media":0,"parent":0,"menu_order":0,"comment_status":"closed","ping_status":"closed","template":"","meta":{"footnotes":""},"class_list":["post-84","page","type-page","status-publish","hentry"],"_links":{"self":[{"href":"https:\/\/www.demirkolpet.com\/de\/wp-json\/wp\/v2\/pages\/84","targetHints":{"allow":["GET"]}}],"collection":[{"href":"https:\/\/www.demirkolpet.com\/de\/wp-json\/wp\/v2\/pages"}],"about":[{"href":"https:\/\/www.demirkolpet.com\/de\/wp-json\/wp\/v2\/types\/page"}],"author":[{"embeddable":true,"href":"https:\/\/www.demirkolpet.com\/de\/wp-json\/wp\/v2\/users\/1"}],"replies":[{"embeddable":true,"href":"https:\/\/www.demirkolpet.com\/de\/wp-json\/wp\/v2\/comments?post=84"}],"version-history":[{"count":7,"href":"https:\/\/www.demirkolpet.com\/de\/wp-json\/wp\/v2\/pages\/84\/revisions"}],"predecessor-version":[{"id":659,"href":"https:\/\/www.demirkolpet.com\/de\/wp-json\/wp\/v2\/pages\/84\/revisions\/659"}],"wp:attachment":[{"href":"https:\/\/www.demirkolpet.com\/de\/wp-json\/wp\/v2\/media?parent=84"}],"curies":[{"name":"wp","href":"https:\/\/api.w.org\/{rel}","templated":true}]}}