{"id":81,"date":"2020-02-08T10:41:31","date_gmt":"2020-02-08T07:41:31","guid":{"rendered":"https:\/\/www.demirkolpet.com\/de\/?page_id=81"},"modified":"2020-03-05T16:06:54","modified_gmt":"2020-03-05T13:06:54","slug":"rinderstrossen","status":"publish","type":"page","link":"https:\/\/www.demirkolpet.com\/de\/rinderstrossen\/","title":{"rendered":"Rinderstrossen"},"content":{"rendered":"<h1>Rinderstrossen 15cm<\/h1>\n<p>Harte nat\u00fcrliche Kekse sorgen f\u00fcr extra langen Kauspa\u00df und richtige Zahnpflege!<\/p>\n<p>Kalb-Luftr\u00f6hre mit hartem Knorpelgehalt. Mit einem Wort, es macht dem H\u00fcgel Freude und bietet ein langes Kauvergn\u00fcgen.<\/p>\n<p>Ein Pluspunkt des Knorpels ist auch, dass er Mineralien enth\u00e4lt.<\/p>\n<h3>Rindstrossen<\/h3>\n<p>Wertvolles Glykosaminoglykan unterst\u00fctzt auch die Gesundheit von Bindegewebe und Gelenken.<\/p>\n<p>Dar\u00fcber hinaus erreicht der K\u00e4lberkehlkopf den t\u00e4glichen Kaupeak, da er aufgrund seines geringen Fettgehalts kalorienarmes Kauvergn\u00fcgen bietet.<\/p>\n<p>Dieses Produkt wird aus frischem K\u00e4lberkehlkopf hergestellt und sorgf\u00e4ltig mit hei\u00dfer Luft getrocknet. Dabei wurden keine k\u00fcnstlichen Zus\u00e4tze verwendet.<\/p>\n<h3>Komponenten-Mindestwerte,<\/h3>\n<p>Rohproteinwert: 71,5%<\/p>\n<p>Roh\u00f6l: 4,1%<\/p>\n<p>Rohe Asche: 14,4%<\/p>\n<p><img decoding=\"async\" class=\"lazyload alignnone size-full wp-image-227\" src=\"https:\/\/www.demirkolpet.com\/de\/wp-content\/uploads\/2020\/02\/kalbstrossen-3.jpg\" data-orig-src=\"https:\/\/www.demirkolpet.com\/de\/wp-content\/uploads\/2020\/02\/kalbstrossen-3.jpg\" alt=\"\" width=\"500\" height=\"500\" srcset=\"data:image\/svg+xml,%3Csvg%20xmlns%3D%27http%3A%2F%2Fwww.w3.org%2F2000%2Fsvg%27%20width%3D%27500%27%20height%3D%27500%27%20viewBox%3D%270%200%20500%20500%27%3E%3Crect%20width%3D%27500%27%20height%3D%27500%27%20fill-opacity%3D%220%22%2F%3E%3C%2Fsvg%3E\" data-srcset=\"https:\/\/www.demirkolpet.com\/de\/wp-content\/uploads\/2020\/02\/kalbstrossen-3-66x66.jpg 66w, https:\/\/www.demirkolpet.com\/de\/wp-content\/uploads\/2020\/02\/kalbstrossen-3-150x150.jpg 150w, https:\/\/www.demirkolpet.com\/de\/wp-content\/uploads\/2020\/02\/kalbstrossen-3-200x200.jpg 200w, https:\/\/www.demirkolpet.com\/de\/wp-content\/uploads\/2020\/02\/kalbstrossen-3-300x300.jpg 300w, https:\/\/www.demirkolpet.com\/de\/wp-content\/uploads\/2020\/02\/kalbstrossen-3-400x400.jpg 400w, https:\/\/www.demirkolpet.com\/de\/wp-content\/uploads\/2020\/02\/kalbstrossen-3.jpg 500w\" data-sizes=\"auto\" data-orig-sizes=\"(max-width: 500px) 100vw, 500px\" \/><\/p>\n","protected":false},"excerpt":{"rendered":"<p>Rinderstrossen 15cm Harte nat\u00fcrliche Kekse sorgen f\u00fcr extra langen Kauspa\u00df  [&#8230;]<\/p>\n","protected":false},"author":1,"featured_media":0,"parent":0,"menu_order":0,"comment_status":"closed","ping_status":"closed","template":"","meta":{"footnotes":""},"class_list":["post-81","page","type-page","status-publish","hentry"],"_links":{"self":[{"href":"https:\/\/www.demirkolpet.com\/de\/wp-json\/wp\/v2\/pages\/81","targetHints":{"allow":["GET"]}}],"collection":[{"href":"https:\/\/www.demirkolpet.com\/de\/wp-json\/wp\/v2\/pages"}],"about":[{"href":"https:\/\/www.demirkolpet.com\/de\/wp-json\/wp\/v2\/types\/page"}],"author":[{"embeddable":true,"href":"https:\/\/www.demirkolpet.com\/de\/wp-json\/wp\/v2\/users\/1"}],"replies":[{"embeddable":true,"href":"https:\/\/www.demirkolpet.com\/de\/wp-json\/wp\/v2\/comments?post=81"}],"version-history":[{"count":6,"href":"https:\/\/www.demirkolpet.com\/de\/wp-json\/wp\/v2\/pages\/81\/revisions"}],"predecessor-version":[{"id":661,"href":"https:\/\/www.demirkolpet.com\/de\/wp-json\/wp\/v2\/pages\/81\/revisions\/661"}],"wp:attachment":[{"href":"https:\/\/www.demirkolpet.com\/de\/wp-json\/wp\/v2\/media?parent=81"}],"curies":[{"name":"wp","href":"https:\/\/api.w.org\/{rel}","templated":true}]}}