{"id":74,"date":"2020-02-08T10:30:01","date_gmt":"2020-02-08T07:30:01","guid":{"rendered":"https:\/\/www.demirkolpet.com\/de\/?page_id=74"},"modified":"2020-03-05T15:22:55","modified_gmt":"2020-03-05T12:22:55","slug":"lammlungen","status":"publish","type":"page","link":"https:\/\/www.demirkolpet.com\/de\/lammlungen\/","title":{"rendered":"Lammlungen"},"content":{"rendered":"<h2>Lammlungen 15cm und Lammlungen Wurfel<\/h2>\n<p>Getrocknete Lammlunge ist von h\u00f6chster Qualit\u00e4t.<\/p>\n<p>Es ist ein ungew\u00f6hnlicher und k\u00f6stlicher Snack mit niedrigem Fettgehalt und nat\u00fcrlichem Snackgeschmack. In W\u00fcrfel gew\u00fcrfelte Lammlunge ist leicht verdaulich und lecker. Es ist der ideale nat\u00fcrliche Keks f\u00fcr alle Arten von Hunden. Es enth\u00e4lt keine k\u00fcnstlichen und chemischen Substanzen. Es ist ein v\u00f6llig nat\u00fcrliches Produkt. Dieses Produkt ist ein k\u00f6stliches Produkt, das Ihren Hund gl\u00fccklich macht. Es enth\u00e4lt keine Chemikalien, Gew\u00fcrze, Konservierungsstoffe.<\/p>\n<h3>Komponenten-Mindestwerte,<\/h3>\n<p>Rohproteinwert: 70.1%<\/p>\n<p>Roh\u00f6l: 11,3%<\/p>\n<p>Rohasche: 9,3%<\/p>\n<p>Feuchtigkeit: 14,5<\/p>\n<p>&nbsp;<\/p>\n","protected":false},"excerpt":{"rendered":"<p>Lammlungen 15cm und Lammlungen Wurfel Getrocknete Lammlunge ist von h\u00f6chster  [&#8230;]<\/p>\n","protected":false},"author":1,"featured_media":0,"parent":0,"menu_order":0,"comment_status":"closed","ping_status":"closed","template":"","meta":{"footnotes":""},"class_list":["post-74","page","type-page","status-publish","hentry"],"_links":{"self":[{"href":"https:\/\/www.demirkolpet.com\/de\/wp-json\/wp\/v2\/pages\/74","targetHints":{"allow":["GET"]}}],"collection":[{"href":"https:\/\/www.demirkolpet.com\/de\/wp-json\/wp\/v2\/pages"}],"about":[{"href":"https:\/\/www.demirkolpet.com\/de\/wp-json\/wp\/v2\/types\/page"}],"author":[{"embeddable":true,"href":"https:\/\/www.demirkolpet.com\/de\/wp-json\/wp\/v2\/users\/1"}],"replies":[{"embeddable":true,"href":"https:\/\/www.demirkolpet.com\/de\/wp-json\/wp\/v2\/comments?post=74"}],"version-history":[{"count":7,"href":"https:\/\/www.demirkolpet.com\/de\/wp-json\/wp\/v2\/pages\/74\/revisions"}],"predecessor-version":[{"id":651,"href":"https:\/\/www.demirkolpet.com\/de\/wp-json\/wp\/v2\/pages\/74\/revisions\/651"}],"wp:attachment":[{"href":"https:\/\/www.demirkolpet.com\/de\/wp-json\/wp\/v2\/media?parent=74"}],"curies":[{"name":"wp","href":"https:\/\/api.w.org\/{rel}","templated":true}]}}