{"id":63,"date":"2020-02-08T10:28:08","date_gmt":"2020-02-08T07:28:08","guid":{"rendered":"https:\/\/www.demirkolpet.com\/de\/?page_id=63"},"modified":"2020-03-05T14:42:09","modified_gmt":"2020-03-05T11:42:09","slug":"ochsenziemer","status":"publish","type":"page","link":"https:\/\/www.demirkolpet.com\/de\/ochsenziemer\/","title":{"rendered":"Ochsenziemer"},"content":{"rendered":"<h1>Ochsenziemer<\/h1>\n<p>Es kann eine kalorienarme, praktische Portion sein. Ochsenziemer sind f\u00fcr jeden Hund geeignet.<\/p>\n<p>Bull Penises sind in jeder Hinsicht eine gute Wahl. Ideal f\u00fcr einen Snack nach einem Spaziergang oder als Dessert nach einer t\u00e4glichen Di\u00e4t.<\/p>\n<p>Ochsenziemer sorgen dank ihrer extrem harten Textur f\u00fcr lang anhaltenden Spa\u00df beim Kauen.,<\/p>\n<p>Es ist f\u00fcr alle Hunde geeignet, egal wie alt oder wie gro\u00df. Es ist sehr gut geeignet f\u00fcr Hunde, die zur Gewichtszunahme neigen.<\/p>\n<p>Alle bestehen aus wertvollen Proteinen und sind sehr kalorienarm.<\/p>\n<p>Aus diesem Grund m\u00fcssen Sie die t\u00e4gliche Futtermenge nach der Gabe des Ochsenziemer nicht reduzieren.<\/p>\n<p>Der Ochsenziemer des Bullen wird langsam gekaut, er reinigt die Z\u00e4hne. Reinigt Zahnsteine, lindert Zahnschmerzen.<\/p>\n<h3>Komponenten-Mindestwerte,<\/h3>\n<p>Rohproteinwert: 82.7%<\/p>\n<p>Roh\u00f6l: 1,9%<\/p>\n<p>Rohe Asche: 1,4%<\/p>\n<p><img decoding=\"async\" class=\"lazyload alignnone size-full wp-image-192\" src=\"https:\/\/www.demirkolpet.com\/de\/wp-content\/uploads\/2020\/02\/ochsenziemer-ganz.jpg\" data-orig-src=\"https:\/\/www.demirkolpet.com\/de\/wp-content\/uploads\/2020\/02\/ochsenziemer-ganz.jpg\" alt=\"\" width=\"500\" height=\"500\" srcset=\"data:image\/svg+xml,%3Csvg%20xmlns%3D%27http%3A%2F%2Fwww.w3.org%2F2000%2Fsvg%27%20width%3D%27500%27%20height%3D%27500%27%20viewBox%3D%270%200%20500%20500%27%3E%3Crect%20width%3D%27500%27%20height%3D%27500%27%20fill-opacity%3D%220%22%2F%3E%3C%2Fsvg%3E\" data-srcset=\"https:\/\/www.demirkolpet.com\/de\/wp-content\/uploads\/2020\/02\/ochsenziemer-ganz-66x66.jpg 66w, https:\/\/www.demirkolpet.com\/de\/wp-content\/uploads\/2020\/02\/ochsenziemer-ganz-150x150.jpg 150w, https:\/\/www.demirkolpet.com\/de\/wp-content\/uploads\/2020\/02\/ochsenziemer-ganz-200x200.jpg 200w, https:\/\/www.demirkolpet.com\/de\/wp-content\/uploads\/2020\/02\/ochsenziemer-ganz-300x300.jpg 300w, https:\/\/www.demirkolpet.com\/de\/wp-content\/uploads\/2020\/02\/ochsenziemer-ganz-400x400.jpg 400w, https:\/\/www.demirkolpet.com\/de\/wp-content\/uploads\/2020\/02\/ochsenziemer-ganz.jpg 500w\" data-sizes=\"auto\" data-orig-sizes=\"(max-width: 500px) 100vw, 500px\" \/><img decoding=\"async\" class=\"lazyload alignnone size-full wp-image-218\" src=\"https:\/\/www.demirkolpet.com\/de\/wp-content\/uploads\/2020\/02\/dana-penis-kirpinti2.jpg\" data-orig-src=\"https:\/\/www.demirkolpet.com\/de\/wp-content\/uploads\/2020\/02\/dana-penis-kirpinti2.jpg\" alt=\"\" width=\"500\" height=\"500\" srcset=\"data:image\/svg+xml,%3Csvg%20xmlns%3D%27http%3A%2F%2Fwww.w3.org%2F2000%2Fsvg%27%20width%3D%27500%27%20height%3D%27500%27%20viewBox%3D%270%200%20500%20500%27%3E%3Crect%20width%3D%27500%27%20height%3D%27500%27%20fill-opacity%3D%220%22%2F%3E%3C%2Fsvg%3E\" data-srcset=\"https:\/\/www.demirkolpet.com\/de\/wp-content\/uploads\/2020\/02\/dana-penis-kirpinti2-66x66.jpg 66w, https:\/\/www.demirkolpet.com\/de\/wp-content\/uploads\/2020\/02\/dana-penis-kirpinti2-150x150.jpg 150w, https:\/\/www.demirkolpet.com\/de\/wp-content\/uploads\/2020\/02\/dana-penis-kirpinti2-200x200.jpg 200w, https:\/\/www.demirkolpet.com\/de\/wp-content\/uploads\/2020\/02\/dana-penis-kirpinti2-300x300.jpg 300w, https:\/\/www.demirkolpet.com\/de\/wp-content\/uploads\/2020\/02\/dana-penis-kirpinti2-400x400.jpg 400w, https:\/\/www.demirkolpet.com\/de\/wp-content\/uploads\/2020\/02\/dana-penis-kirpinti2.jpg 500w\" data-sizes=\"auto\" data-orig-sizes=\"(max-width: 500px) 100vw, 500px\" \/><\/p>\n","protected":false},"excerpt":{"rendered":"<p>Ochsenziemer Es kann eine kalorienarme, praktische Portion sein. Ochsenziemer sind  [&#8230;]<\/p>\n","protected":false},"author":1,"featured_media":0,"parent":0,"menu_order":0,"comment_status":"closed","ping_status":"closed","template":"","meta":{"footnotes":""},"class_list":["post-63","page","type-page","status-publish","hentry"],"_links":{"self":[{"href":"https:\/\/www.demirkolpet.com\/de\/wp-json\/wp\/v2\/pages\/63","targetHints":{"allow":["GET"]}}],"collection":[{"href":"https:\/\/www.demirkolpet.com\/de\/wp-json\/wp\/v2\/pages"}],"about":[{"href":"https:\/\/www.demirkolpet.com\/de\/wp-json\/wp\/v2\/types\/page"}],"author":[{"embeddable":true,"href":"https:\/\/www.demirkolpet.com\/de\/wp-json\/wp\/v2\/users\/1"}],"replies":[{"embeddable":true,"href":"https:\/\/www.demirkolpet.com\/de\/wp-json\/wp\/v2\/comments?post=63"}],"version-history":[{"count":8,"href":"https:\/\/www.demirkolpet.com\/de\/wp-json\/wp\/v2\/pages\/63\/revisions"}],"predecessor-version":[{"id":636,"href":"https:\/\/www.demirkolpet.com\/de\/wp-json\/wp\/v2\/pages\/63\/revisions\/636"}],"wp:attachment":[{"href":"https:\/\/www.demirkolpet.com\/de\/wp-json\/wp\/v2\/media?parent=63"}],"curies":[{"name":"wp","href":"https:\/\/api.w.org\/{rel}","templated":true}]}}