{"id":57,"date":"2020-02-08T10:26:13","date_gmt":"2020-02-08T07:26:13","guid":{"rendered":"https:\/\/www.demirkolpet.com\/de\/?page_id=57"},"modified":"2020-03-05T15:27:29","modified_gmt":"2020-03-05T12:27:29","slug":"rinderlungen","status":"publish","type":"page","link":"https:\/\/www.demirkolpet.com\/de\/rinderlungen\/","title":{"rendered":"Rinderlunge"},"content":{"rendered":"<h1>Rinderlunge 15cm &amp; Rinderlunge Wurfel<\/h1>\n<p>Die Rinderlunge ist ein Kauhund, der besonders f\u00fcr empfindliche oder zu Fettleibigkeit neigende Hunde geeignet ist.<\/p>\n<p>Mageres, mageres Rindfleisch. Ein passendes Kauen f\u00fcr jede Hunderasse. Nat\u00fcrliche Rinderlunge ist ein ausgezeichnetes Di\u00e4tangebot.<\/p>\n<h2>Rinderlunge<\/h2>\n<p>Aufgrund seiner Weichheit k\u00f6nnen sehr junge und alte Hunde dieses nat\u00fcrliche Kaumehl genie\u00dfen.<\/p>\n<p>Kleine Futterst\u00fccke sind eine tolle Belohnung f\u00fcr Hunde in Hotels und Schulen.<\/p>\n<p>Dieses Produkt enth\u00e4lt keine Konservierungsstoffe und Farbstoffe wie andere Kekse.<\/p>\n<p>Kalbsw\u00fcrfel Lunge, enth\u00e4lt keine Chemikalien und k\u00fcnstlichen Zusatzstoffe.<\/p>\n<p>100% nat\u00fcrlich<\/p>\n<p>Produktion T\u00fcrkei<\/p>\n<p>Es wurde langsam mit hei\u00dfer Luft getrocknet.<\/p>\n<p>Lang anhaltendes Kauvergn\u00fcgen<\/p>\n<p>Proteinreich<\/p>\n<p>Kalorienarm<\/p>\n<p>Reinigt Z\u00e4hne und Zahnfleisch<\/p>\n<h3>Komponenten-Mindestwerte,<\/h3>\n<p>Rohproteinwert 80,2%<\/p>\n<p>Roh\u00f6l 12,2%<\/p>\n<p>Rohe Asche 2,2%<\/p>\n<p><img decoding=\"async\" class=\"lazyload alignnone wp-image-60 size-medium\" src=\"https:\/\/www.demirkolpet.com\/de\/wp-content\/uploads\/2020\/02\/kalblunge2-300x200.jpg\" data-orig-src=\"https:\/\/www.demirkolpet.com\/de\/wp-content\/uploads\/2020\/02\/kalblunge2-300x200.jpg\" alt=\"\" width=\"300\" height=\"200\" srcset=\"data:image\/svg+xml,%3Csvg%20xmlns%3D%27http%3A%2F%2Fwww.w3.org%2F2000%2Fsvg%27%20width%3D%27300%27%20height%3D%27200%27%20viewBox%3D%270%200%20300%20200%27%3E%3Crect%20width%3D%27300%27%20height%3D%27200%27%20fill-opacity%3D%220%22%2F%3E%3C%2Fsvg%3E\" data-srcset=\"https:\/\/www.demirkolpet.com\/de\/wp-content\/uploads\/2020\/02\/kalblunge2-200x133.jpg 200w, https:\/\/www.demirkolpet.com\/de\/wp-content\/uploads\/2020\/02\/kalblunge2-300x200.jpg 300w, https:\/\/www.demirkolpet.com\/de\/wp-content\/uploads\/2020\/02\/kalblunge2-400x267.jpg 400w, https:\/\/www.demirkolpet.com\/de\/wp-content\/uploads\/2020\/02\/kalblunge2-600x400.jpg 600w, https:\/\/www.demirkolpet.com\/de\/wp-content\/uploads\/2020\/02\/kalblunge2-768x512.jpg 768w, https:\/\/www.demirkolpet.com\/de\/wp-content\/uploads\/2020\/02\/kalblunge2-800x533.jpg 800w, https:\/\/www.demirkolpet.com\/de\/wp-content\/uploads\/2020\/02\/kalblunge2.jpg 900w\" data-sizes=\"auto\" data-orig-sizes=\"(max-width: 300px) 100vw, 300px\" \/><img decoding=\"async\" class=\"lazyload alignnone size-medium wp-image-51\" src=\"https:\/\/www.demirkolpet.com\/de\/wp-content\/uploads\/2020\/02\/beef-lung-cube-300x272.jpg\" data-orig-src=\"https:\/\/www.demirkolpet.com\/de\/wp-content\/uploads\/2020\/02\/beef-lung-cube-300x272.jpg\" alt=\"\" width=\"300\" height=\"272\" srcset=\"data:image\/svg+xml,%3Csvg%20xmlns%3D%27http%3A%2F%2Fwww.w3.org%2F2000%2Fsvg%27%20width%3D%27300%27%20height%3D%27272%27%20viewBox%3D%270%200%20300%20272%27%3E%3Crect%20width%3D%27300%27%20height%3D%27272%27%20fill-opacity%3D%220%22%2F%3E%3C%2Fsvg%3E\" data-srcset=\"https:\/\/www.demirkolpet.com\/de\/wp-content\/uploads\/2020\/02\/beef-lung-cube-200x181.jpg 200w, https:\/\/www.demirkolpet.com\/de\/wp-content\/uploads\/2020\/02\/beef-lung-cube-300x272.jpg 300w, https:\/\/www.demirkolpet.com\/de\/wp-content\/uploads\/2020\/02\/beef-lung-cube-400x362.jpg 400w, https:\/\/www.demirkolpet.com\/de\/wp-content\/uploads\/2020\/02\/beef-lung-cube-600x543.jpg 600w, https:\/\/www.demirkolpet.com\/de\/wp-content\/uploads\/2020\/02\/beef-lung-cube-768x695.jpg 768w, https:\/\/www.demirkolpet.com\/de\/wp-content\/uploads\/2020\/02\/beef-lung-cube-800x724.jpg 800w, https:\/\/www.demirkolpet.com\/de\/wp-content\/uploads\/2020\/02\/beef-lung-cube.jpg 900w\" data-sizes=\"auto\" data-orig-sizes=\"(max-width: 300px) 100vw, 300px\" \/><\/p>\n","protected":false},"excerpt":{"rendered":"<p>Rinderlunge 15cm &amp; Rinderlunge Wurfel Die Rinderlunge ist ein Kauhund,  [&#8230;]<\/p>\n","protected":false},"author":1,"featured_media":0,"parent":0,"menu_order":0,"comment_status":"closed","ping_status":"closed","template":"","meta":{"footnotes":""},"class_list":["post-57","page","type-page","status-publish","hentry"],"_links":{"self":[{"href":"https:\/\/www.demirkolpet.com\/de\/wp-json\/wp\/v2\/pages\/57","targetHints":{"allow":["GET"]}}],"collection":[{"href":"https:\/\/www.demirkolpet.com\/de\/wp-json\/wp\/v2\/pages"}],"about":[{"href":"https:\/\/www.demirkolpet.com\/de\/wp-json\/wp\/v2\/types\/page"}],"author":[{"embeddable":true,"href":"https:\/\/www.demirkolpet.com\/de\/wp-json\/wp\/v2\/users\/1"}],"replies":[{"embeddable":true,"href":"https:\/\/www.demirkolpet.com\/de\/wp-json\/wp\/v2\/comments?post=57"}],"version-history":[{"count":6,"href":"https:\/\/www.demirkolpet.com\/de\/wp-json\/wp\/v2\/pages\/57\/revisions"}],"predecessor-version":[{"id":656,"href":"https:\/\/www.demirkolpet.com\/de\/wp-json\/wp\/v2\/pages\/57\/revisions\/656"}],"wp:attachment":[{"href":"https:\/\/www.demirkolpet.com\/de\/wp-json\/wp\/v2\/media?parent=57"}],"curies":[{"name":"wp","href":"https:\/\/api.w.org\/{rel}","templated":true}]}}