{"id":39,"date":"2020-02-07T17:53:02","date_gmt":"2020-02-07T14:53:02","guid":{"rendered":"https:\/\/www.demirkolpet.com\/de\/?page_id=39"},"modified":"2020-04-04T11:42:33","modified_gmt":"2020-04-04T08:42:33","slug":"unsere-qualitatspolitik","status":"publish","type":"page","link":"https:\/\/www.demirkolpet.com\/de\/unsere-qualitatspolitik\/","title":{"rendered":"Unsere Qualit\u00e4tspolitik"},"content":{"rendered":"<div class=\"fusion-fullwidth fullwidth-box fusion-builder-row-1 nonhundred-percent-fullwidth non-hundred-percent-height-scrolling\" style=\"--awb-border-radius-top-left:0px;--awb-border-radius-top-right:0px;--awb-border-radius-bottom-right:0px;--awb-border-radius-bottom-left:0px;--awb-flex-wrap:wrap;\" ><div class=\"fusion-builder-row fusion-row\"><div class=\"fusion-layout-column fusion_builder_column fusion-builder-column-0 fusion_builder_column_1_1 1_1 fusion-one-full fusion-column-first fusion-column-last\" style=\"--awb-bg-size:cover;\"><div class=\"fusion-column-wrapper fusion-flex-column-wrapper-legacy\"><div class=\"fusion-text fusion-text-1\"><h1><span style=\"background-color: rgba(255, 255, 255, 0); font-family: var(--body_typography-font-family); font-style: var(--body_typography-font-style,normal); font-weight: var(--body_typography-font-weight); letter-spacing: var(--body_typography-letter-spacing);\"><font color=\"#333399\">Wo Wir Sind<\/font><\/span><\/h1>\n<p><span style=\"background-color: rgba(255, 255, 255, 0); color: var(--body_typography-color); font-family: var(--body_typography-font-family); font-size: var(--body_typography-font-size); font-style: var(--body_typography-font-style,normal); font-weight: var(--body_typography-font-weight); letter-spacing: var(--body_typography-letter-spacing);\"><br \/><\/span><\/p>\n<p><span style=\"background-color: rgba(255, 255, 255, 0); color: var(--body_typography-color); font-family: var(--body_typography-font-family); font-size: var(--body_typography-font-size); font-style: var(--body_typography-font-style,normal); letter-spacing: var(--body_typography-letter-spacing);\"><b>In der T\u00fcrkei ;<\/b><\/span><\/p>\n<p>Erste Fabrik von Demirkol Turkische Kausnacks  Ltd arbeitet an;<\/p>\n<p>\u2022 9000 Quadratmeter Produktionsfl\u00e4che<\/p>\n<p>\u2022 2000 Quadratmeter gro\u00dfe K\u00fchlh\u00e4user<\/p>\n<p>\u2022 Die Gesamtfl\u00e4che betr\u00e4gt 21.000 Quadratmeter <\/p>\n<p>Uber 100 Miterabeiter<\/p>\n<p><b>In Bulgarien<\/b><\/p>\n<p>Zweite Fabrik von Demirkol Pet Ltd arbeitet an,<\/p>\n<p>\u2022\t2000 Quadratmeter Produktion<\/p>\n<p>\u2022\t500 Quadratmeter  Kuhlhaus<\/p>\n<p>\u2022\t17 Mitarbeiter<\/p>\n<p>Die Gesamtfl\u00e4cheArbeitplatz  betr\u00e4gt 4000 Quadratmeter<\/p>\n<p>sind metrekarelik bir alanda 2. Fabrikas\u0131n\u0131 kurmu\u015ftur ve ticari faaliyetlerine 2020 itibariyle ba\u015flam\u0131\u015ft\u0131r.<\/p>\n<p><b>In Bremen DEUTSCHLAND<\/b><\/p>\n<p>Das Distrubuting Lager  der Demirkol Handels GmbH arbeitet an;<\/p>\n<p>\u2022\t2000 Quadratmeter Lager<\/p>\n<p>\u2022\t3 Mitarbeiter<\/p>\n<p>Endlich erreichten wir;<\/p>\n<p>J\u00e4hrliche Allgemeine Kapazit\u00e4t  : 5000 Tonnen getrocknete Hunde Kausnacks<\/p>\n<\/div><div class=\"fusion-clearfix\"><\/div><\/div><\/div><\/div><\/div>\n","protected":false},"excerpt":{"rendered":"","protected":false},"author":1,"featured_media":0,"parent":0,"menu_order":0,"comment_status":"closed","ping_status":"closed","template":"","meta":{"footnotes":""},"class_list":["post-39","page","type-page","status-publish","hentry"],"_links":{"self":[{"href":"https:\/\/www.demirkolpet.com\/de\/wp-json\/wp\/v2\/pages\/39","targetHints":{"allow":["GET"]}}],"collection":[{"href":"https:\/\/www.demirkolpet.com\/de\/wp-json\/wp\/v2\/pages"}],"about":[{"href":"https:\/\/www.demirkolpet.com\/de\/wp-json\/wp\/v2\/types\/page"}],"author":[{"embeddable":true,"href":"https:\/\/www.demirkolpet.com\/de\/wp-json\/wp\/v2\/users\/1"}],"replies":[{"embeddable":true,"href":"https:\/\/www.demirkolpet.com\/de\/wp-json\/wp\/v2\/comments?post=39"}],"version-history":[{"count":8,"href":"https:\/\/www.demirkolpet.com\/de\/wp-json\/wp\/v2\/pages\/39\/revisions"}],"predecessor-version":[{"id":715,"href":"https:\/\/www.demirkolpet.com\/de\/wp-json\/wp\/v2\/pages\/39\/revisions\/715"}],"wp:attachment":[{"href":"https:\/\/www.demirkolpet.com\/de\/wp-json\/wp\/v2\/media?parent=39"}],"curies":[{"name":"wp","href":"https:\/\/api.w.org\/{rel}","templated":true}]}}