{"id":36,"date":"2020-02-07T17:52:29","date_gmt":"2020-02-07T14:52:29","guid":{"rendered":"https:\/\/www.demirkolpet.com\/de\/?page_id=36"},"modified":"2020-04-04T11:41:13","modified_gmt":"2020-04-04T08:41:13","slug":"mission-vision","status":"publish","type":"page","link":"https:\/\/www.demirkolpet.com\/de\/mission-vision\/","title":{"rendered":"Mission &#038; Vision"},"content":{"rendered":"<div class=\"fusion-fullwidth fullwidth-box fusion-builder-row-1 nonhundred-percent-fullwidth non-hundred-percent-height-scrolling\" style=\"--awb-border-radius-top-left:0px;--awb-border-radius-top-right:0px;--awb-border-radius-bottom-right:0px;--awb-border-radius-bottom-left:0px;--awb-flex-wrap:wrap;\" ><div class=\"fusion-builder-row fusion-row\"><div class=\"fusion-layout-column fusion_builder_column fusion-builder-column-0 fusion_builder_column_1_1 1_1 fusion-one-full fusion-column-first fusion-column-last\" style=\"--awb-bg-size:cover;\"><div class=\"fusion-column-wrapper fusion-flex-column-wrapper-legacy\"><div class=\"fusion-text fusion-text-1\"><h1><span style=\"color: #333399;\"> <i class=\"fas fa-eye\"><\/i> Was Wir machen<\/span><\/h1>\n<p><span style=\"background-color: rgba(255, 255, 255, 0); color: var(--body_typography-color); font-family: var(--body_typography-font-family); font-size: var(--body_typography-font-size); font-style: var(--body_typography-font-style,normal); font-weight: var(--body_typography-font-weight); letter-spacing: var(--body_typography-letter-spacing);\"><br \/><\/span><\/p>\n<p><span style=\"background-color: rgba(255, 255, 255, 0); color: var(--body_typography-color); font-family: var(--body_typography-font-family); font-size: var(--body_typography-font-size); font-style: var(--body_typography-font-style,normal); font-weight: var(--body_typography-font-weight); letter-spacing: var(--body_typography-letter-spacing);\">Frische Rohstoffe, die wir sorgf\u00e4ltig aus den \u00f6rtlichen Schlachth\u00f6fen ausgew\u00e4hlt haben, Herstellung der Produkte in h\u00f6chst hygienischem, technologischem mit ISO- und HACCP-Standards Zustand<\/span><\/p>\n<p>Lagern wir bei -15 frisch gekaufte Rohstoffe werden immer in K\u00fchlh\u00e4usern aufbewahrt<\/p>\n<p>Nach mehreren Schritten und Prozessen gehen die zugelassenen Rohstoffe zu den n\u00e4chsten Schritten \u00fcber, z. B. Einfrieren, Formen, Leimen, langsames Trocknen im Luftofen, Schnitten, Etikettieren, Verpacken, Bestrahlen, Palettieren und Laden in Beh\u00e4lter gem\u00e4\u00df den Anforderungen unserer Kunden<\/p>\n<p>Wir exportieren seit 2003 nach Deutschland, den Niederlanden, Belgien, Gro\u00dfbritannien, D\u00e4nemark, Norwegen, Schweden, Finnland, der Schweiz, Frankreich, \u00d6sterreich, Polen, der Tschechischen Republik, Italien, den Vereinigten Staaten, Kanada, Russland und den Baltischen L\u00e4ndern<\/p>\n<\/div><div class=\"fusion-clearfix\"><\/div><\/div><\/div><\/div><\/div>\n","protected":false},"excerpt":{"rendered":"","protected":false},"author":1,"featured_media":0,"parent":0,"menu_order":0,"comment_status":"closed","ping_status":"closed","template":"","meta":{"footnotes":""},"class_list":["post-36","page","type-page","status-publish","hentry"],"_links":{"self":[{"href":"https:\/\/www.demirkolpet.com\/de\/wp-json\/wp\/v2\/pages\/36","targetHints":{"allow":["GET"]}}],"collection":[{"href":"https:\/\/www.demirkolpet.com\/de\/wp-json\/wp\/v2\/pages"}],"about":[{"href":"https:\/\/www.demirkolpet.com\/de\/wp-json\/wp\/v2\/types\/page"}],"author":[{"embeddable":true,"href":"https:\/\/www.demirkolpet.com\/de\/wp-json\/wp\/v2\/users\/1"}],"replies":[{"embeddable":true,"href":"https:\/\/www.demirkolpet.com\/de\/wp-json\/wp\/v2\/comments?post=36"}],"version-history":[{"count":11,"href":"https:\/\/www.demirkolpet.com\/de\/wp-json\/wp\/v2\/pages\/36\/revisions"}],"predecessor-version":[{"id":714,"href":"https:\/\/www.demirkolpet.com\/de\/wp-json\/wp\/v2\/pages\/36\/revisions\/714"}],"wp:attachment":[{"href":"https:\/\/www.demirkolpet.com\/de\/wp-json\/wp\/v2\/media?parent=36"}],"curies":[{"name":"wp","href":"https:\/\/api.w.org\/{rel}","templated":true}]}}