{"id":20,"date":"2020-02-07T12:35:18","date_gmt":"2020-02-07T09:35:18","guid":{"rendered":"https:\/\/www.demirkolpet.com\/de\/?page_id=20"},"modified":"2020-03-05T15:16:32","modified_gmt":"2020-03-05T12:16:32","slug":"kontaktformular","status":"publish","type":"page","link":"https:\/\/www.demirkolpet.com\/de\/kontaktformular\/","title":{"rendered":"KONTAKTFORMULAR"},"content":{"rendered":"<div class=\"fusion-fullwidth fullwidth-box fusion-builder-row-1 nonhundred-percent-fullwidth non-hundred-percent-height-scrolling\" style=\"--awb-border-radius-top-left:0px;--awb-border-radius-top-right:0px;--awb-border-radius-bottom-right:0px;--awb-border-radius-bottom-left:0px;--awb-flex-wrap:wrap;\" ><div class=\"fusion-builder-row fusion-row\"><div class=\"fusion-layout-column fusion_builder_column fusion-builder-column-0 fusion_builder_column_1_1 1_1 fusion-one-full fusion-column-first fusion-column-last\" style=\"--awb-bg-size:cover;\"><div class=\"fusion-column-wrapper fusion-column-has-shadow fusion-flex-column-wrapper-legacy\"><div class=\"fusion-text fusion-text-1\"><div class=\"wpforms-container wpforms-container-full\" id=\"wpforms-334\"><form id=\"wpforms-form-334\" class=\"wpforms-validate wpforms-form\" data-formid=\"334\" method=\"post\" enctype=\"multipart\/form-data\" action=\"\/de\/wp-json\/wp\/v2\/pages\/20\" data-token=\"d0e9869cf566b2327f4bf814246bf60a\" data-token-time=\"1776389076\"><noscript class=\"wpforms-error-noscript\">Bu formu bitirebilmek i\u00e7in taray\u0131c\u0131n\u0131zda JavaScript&#039;i etkinle\u015ftirin.<\/noscript><div class=\"wpforms-field-container\"><div id=\"wpforms-334-field_1-container\" class=\"wpforms-field wpforms-field-name\" data-field-id=\"1\"><label class=\"wpforms-field-label\" for=\"wpforms-334-field_1\">Ad - Soyad: <span class=\"wpforms-required-label\">*<\/span><\/label><div class=\"wpforms-field-row wpforms-field-medium\"><div class=\"wpforms-field-row-block wpforms-first wpforms-one-half\"><input type=\"text\" id=\"wpforms-334-field_1\" class=\"wpforms-field-name-first wpforms-field-required\" name=\"wpforms[fields][1][first]\" placeholder=\"Ad\" required><label for=\"wpforms-334-field_1\" class=\"wpforms-field-sublabel after wpforms-sublabel-hide\">Ad<\/label><\/div><div class=\"wpforms-field-row-block wpforms-one-half\"><input type=\"text\" id=\"wpforms-334-field_1-last\" class=\"wpforms-field-name-last wpforms-field-required\" name=\"wpforms[fields][1][last]\" placeholder=\"Soyad\" required><label for=\"wpforms-334-field_1-last\" class=\"wpforms-field-sublabel after wpforms-sublabel-hide\">Soyad<\/label><\/div><\/div><\/div><div id=\"wpforms-334-field_2-container\" class=\"wpforms-field wpforms-field-phone\" data-field-id=\"2\"><label class=\"wpforms-field-label\" for=\"wpforms-334-field_2\">Cep Telefon: <span class=\"wpforms-required-label\">*<\/span><\/label><input type=\"tel\" id=\"wpforms-334-field_2\" class=\"wpforms-field-medium wpforms-field-required wpforms-masked-input\" data-inputmask=\"&#039;mask&#039;: &#039;(999) 999-9999&#039;\" data-rule-us-phone-field=\"true\" data-inputmask-inputmode=\"tel\" name=\"wpforms[fields][2]\" placeholder=\"Cep Tel\" aria-label=\"Cep Telefon:\" required><div class=\"wpforms-field-description\">Ba\u015f\u0131nda 0 olmadan yaz\u0131n.<\/div><\/div><div id=\"wpforms-334-field_3-container\" class=\"wpforms-field wpforms-field-email\" data-field-id=\"3\"><label class=\"wpforms-field-label\" for=\"wpforms-334-field_3\">Email:<\/label><input type=\"email\" id=\"wpforms-334-field_3\" class=\"wpforms-field-medium\" name=\"wpforms[fields][3]\" spellcheck=\"false\" ><\/div><div id=\"wpforms-334-field_4-container\" class=\"wpforms-field wpforms-field-text\" data-field-id=\"4\"><label class=\"wpforms-field-label\" for=\"wpforms-334-field_4\">\u00dcr\u00fcn Ad\u0131:<\/label><input type=\"text\" id=\"wpforms-334-field_4\" class=\"wpforms-field-medium\" name=\"wpforms[fields][4]\" placeholder=\"\u00d6rn. Dana Ci\u011fer\" ><\/div><div id=\"wpforms-334-field_5-container\" class=\"wpforms-field wpforms-field-textarea\" data-field-id=\"5\"><label class=\"wpforms-field-label\" for=\"wpforms-334-field_5\">Mesaj\u0131n\u0131z: <span class=\"wpforms-required-label\">*<\/span><\/label><textarea id=\"wpforms-334-field_5\" class=\"wpforms-field-medium wpforms-field-required\" name=\"wpforms[fields][5]\" required><\/textarea><\/div><\/div><!-- .wpforms-field-container --><div class=\"wpforms-field wpforms-field-hp\"><label for=\"wpforms-334-field-hp\" class=\"wpforms-field-label\">Phone<\/label><input type=\"text\" name=\"wpforms[hp]\" id=\"wpforms-334-field-hp\" class=\"wpforms-field-medium\"><\/div><div class=\"wpforms-submit-container\" ><input type=\"hidden\" name=\"wpforms[id]\" value=\"334\"><input type=\"hidden\" name=\"page_title\" value=\"\"><input type=\"hidden\" name=\"page_url\" value=\"https:\/\/www.demirkolpet.com\/de\/wp-json\/wp\/v2\/pages\/20\"><input type=\"hidden\" name=\"url_referer\" value=\"\"><button type=\"submit\" name=\"wpforms[submit]\" id=\"wpforms-submit-334\" class=\"wpforms-submit my-submit-button\" data-alt-text=\"G\u00f6nderiliyor ...\" data-submit-text=\"G\u00f6nder\" aria-live=\"assertive\" value=\"wpforms-submit\">G\u00f6nder<\/button><\/div><\/form><\/div>  <!-- .wpforms-container -->\n<\/div><div class=\"fusion-clearfix\"><\/div><\/div><\/div><\/div><\/div>\n","protected":false},"excerpt":{"rendered":"","protected":false},"author":1,"featured_media":0,"parent":0,"menu_order":0,"comment_status":"closed","ping_status":"closed","template":"","meta":{"footnotes":""},"class_list":["post-20","page","type-page","status-publish","hentry"],"_links":{"self":[{"href":"https:\/\/www.demirkolpet.com\/de\/wp-json\/wp\/v2\/pages\/20","targetHints":{"allow":["GET"]}}],"collection":[{"href":"https:\/\/www.demirkolpet.com\/de\/wp-json\/wp\/v2\/pages"}],"about":[{"href":"https:\/\/www.demirkolpet.com\/de\/wp-json\/wp\/v2\/types\/page"}],"author":[{"embeddable":true,"href":"https:\/\/www.demirkolpet.com\/de\/wp-json\/wp\/v2\/users\/1"}],"replies":[{"embeddable":true,"href":"https:\/\/www.demirkolpet.com\/de\/wp-json\/wp\/v2\/comments?post=20"}],"version-history":[{"count":7,"href":"https:\/\/www.demirkolpet.com\/de\/wp-json\/wp\/v2\/pages\/20\/revisions"}],"predecessor-version":[{"id":644,"href":"https:\/\/www.demirkolpet.com\/de\/wp-json\/wp\/v2\/pages\/20\/revisions\/644"}],"wp:attachment":[{"href":"https:\/\/www.demirkolpet.com\/de\/wp-json\/wp\/v2\/media?parent=20"}],"curies":[{"name":"wp","href":"https:\/\/api.w.org\/{rel}","templated":true}]}}