{"id":18,"date":"2020-02-07T12:35:10","date_gmt":"2020-02-07T09:35:10","guid":{"rendered":"https:\/\/www.demirkolpet.com\/de\/?page_id=18"},"modified":"2020-02-24T14:23:39","modified_gmt":"2020-02-24T11:23:39","slug":"produktion","status":"publish","type":"page","link":"https:\/\/www.demirkolpet.com\/de\/produktion\/","title":{"rendered":"PRODUKTION"},"content":{"rendered":"<h1><span style=\"color: #000080;\">Demirkol Produktionsstufen<\/span><\/h1>\n<p>Bei der Herstellung unserer Produkte folgen wir einem umweltfreundlichen Produktionsprozess, unseren Kollegen und unseren lieben Freunden, die die Gespr\u00e4chspartner unserer Produktion sind. Wir liefern Produkte akribisch, verarbeiten und verpacken akribisch. Wir legen Wert auf Qualit\u00e4t unserer Produkte und geben unseren Kunden Vertrauen.<\/p>\n<h2><span style=\"color: #993300;\">In der Rohproduktversorgungsphase<\/span><\/h2>\n<p>Unser K\u00fchlfahrzeug, das alle Teile der T\u00fcrkei erreicht. Frische Produkte werden ausgew\u00e4hlt und in unsere Produktionsst\u00e4tte gebracht.<\/p>\n<h2><span style=\"color: #993300;\">Verarbeitung unter geeigneten Bedingungen,<\/span><\/h2>\n<p>Die Produkte, die zu uns kommen, werden kalt verarbeitet und schrittweise fertiggestellt.<\/p>\n<h2><span style=\"color: #993300;\">Qualit\u00e4tskontrolle durchlaufen,<\/span><\/h2>\n<p>Inspektionen der erforderlichen Produkte senden Proben nach den Einheiten der Futtermittelabteilung an das Landwirtschaftsministerium der Republik T\u00fcrkei. Wir bekommen einen G\u00fcltigkeitsbericht. Dann machen wir es f\u00fcr den Export bereit. Die Endkontrolle wird von unserem Tierarzt durchgef\u00fchrt. Wir exportieren.<\/p>\n","protected":false},"excerpt":{"rendered":"<p>Demirkol Produktionsstufen Bei der Herstellung unserer Produkte folgen wir einem  [&#8230;]<\/p>\n","protected":false},"author":1,"featured_media":0,"parent":0,"menu_order":0,"comment_status":"closed","ping_status":"closed","template":"","meta":{"footnotes":""},"class_list":["post-18","page","type-page","status-publish","hentry"],"_links":{"self":[{"href":"https:\/\/www.demirkolpet.com\/de\/wp-json\/wp\/v2\/pages\/18","targetHints":{"allow":["GET"]}}],"collection":[{"href":"https:\/\/www.demirkolpet.com\/de\/wp-json\/wp\/v2\/pages"}],"about":[{"href":"https:\/\/www.demirkolpet.com\/de\/wp-json\/wp\/v2\/types\/page"}],"author":[{"embeddable":true,"href":"https:\/\/www.demirkolpet.com\/de\/wp-json\/wp\/v2\/users\/1"}],"replies":[{"embeddable":true,"href":"https:\/\/www.demirkolpet.com\/de\/wp-json\/wp\/v2\/comments?post=18"}],"version-history":[{"count":13,"href":"https:\/\/www.demirkolpet.com\/de\/wp-json\/wp\/v2\/pages\/18\/revisions"}],"predecessor-version":[{"id":632,"href":"https:\/\/www.demirkolpet.com\/de\/wp-json\/wp\/v2\/pages\/18\/revisions\/632"}],"wp:attachment":[{"href":"https:\/\/www.demirkolpet.com\/de\/wp-json\/wp\/v2\/media?parent=18"}],"curies":[{"name":"wp","href":"https:\/\/api.w.org\/{rel}","templated":true}]}}