{"id":151,"date":"2020-02-08T11:29:53","date_gmt":"2020-02-08T08:29:53","guid":{"rendered":"https:\/\/www.demirkolpet.com\/de\/?page_id=151"},"modified":"2020-03-05T15:19:49","modified_gmt":"2020-03-05T12:19:49","slug":"unternehmen","status":"publish","type":"page","link":"https:\/\/www.demirkolpet.com\/de\/unternehmen\/","title":{"rendered":"UNTERNEHMEN"},"content":{"rendered":"<h1><span style=\"color: #000080;\">Demirkol Naturliche Hunde-Kausnacks<\/span><\/h1>\n<p>Demirkol Naturliche Hunde-Kausnacks Ltd wurde 2003 von Hasan Demirkol in der von Afyonkarahisar organisierten Industriezone auf seinem Grundst\u00fcck gegr\u00fcndet.<\/p>\n<p>Die Demirkol Animal Products Company hat es sich zur Aufgabe gemacht, qualitativ hochwertige Produkte und Dienstleistungen anzubieten, indem die Kundenzufriedenheit auf h\u00f6chstem Niveau gehalten wird.<\/p>\n<p>In dieser Richtung ist es unser Hauptziel, eine Institution zu sein, die f\u00fcr die Gesellschaft und die Umwelt sensibel ist und Kontinuit\u00e4t und Zuverl\u00e4ssigkeit f\u00fcr ihre Kunden bevorzugt. Unser Grundprinzip ist es, f\u00fcr unsere Kunden etwas zu bewirken und auf ihre Erwartungen mit der Qualit\u00e4t unserer Produkte, Mitarbeiter und Dienstleistungen zu reagieren.<\/p>\n<p>Entsprechend der Empfindlichkeit der Hundeern\u00e4hrung in der Hundekeksproduktion werden ihre f\u00fcr ihren Geschmack geeigneten Produkte von Tieren gewonnen, die in einer v\u00f6llig nat\u00fcrlichen Umgebung gez\u00fcchtet wurden.<\/p>\n<p>Die Herstellung unserer Produkte erfolgt in einer hygienischen Umgebung nach den Vorschriften des Ministeriums f\u00fcr Ern\u00e4hrung, Landwirtschaft und Viehzucht.<\/p>\n<p>&nbsp;<\/p>\n","protected":false},"excerpt":{"rendered":"<p>Demirkol Naturliche Hunde-Kausnacks Demirkol Naturliche Hunde-Kausnacks Ltd wurde 2003 von  [&#8230;]<\/p>\n","protected":false},"author":1,"featured_media":0,"parent":0,"menu_order":0,"comment_status":"closed","ping_status":"closed","template":"","meta":{"footnotes":""},"class_list":["post-151","page","type-page","status-publish","hentry"],"_links":{"self":[{"href":"https:\/\/www.demirkolpet.com\/de\/wp-json\/wp\/v2\/pages\/151","targetHints":{"allow":["GET"]}}],"collection":[{"href":"https:\/\/www.demirkolpet.com\/de\/wp-json\/wp\/v2\/pages"}],"about":[{"href":"https:\/\/www.demirkolpet.com\/de\/wp-json\/wp\/v2\/types\/page"}],"author":[{"embeddable":true,"href":"https:\/\/www.demirkolpet.com\/de\/wp-json\/wp\/v2\/users\/1"}],"replies":[{"embeddable":true,"href":"https:\/\/www.demirkolpet.com\/de\/wp-json\/wp\/v2\/comments?post=151"}],"version-history":[{"count":9,"href":"https:\/\/www.demirkolpet.com\/de\/wp-json\/wp\/v2\/pages\/151\/revisions"}],"predecessor-version":[{"id":648,"href":"https:\/\/www.demirkolpet.com\/de\/wp-json\/wp\/v2\/pages\/151\/revisions\/648"}],"wp:attachment":[{"href":"https:\/\/www.demirkolpet.com\/de\/wp-json\/wp\/v2\/media?parent=151"}],"curies":[{"name":"wp","href":"https:\/\/api.w.org\/{rel}","templated":true}]}}