{"id":14,"date":"2020-02-07T12:34:40","date_gmt":"2020-02-07T09:34:40","guid":{"rendered":"https:\/\/www.demirkolpet.com\/de\/?page_id=14"},"modified":"2020-04-04T11:36:28","modified_gmt":"2020-04-04T08:36:28","slug":"uber-uns","status":"publish","type":"page","link":"https:\/\/www.demirkolpet.com\/de\/uber-uns\/","title":{"rendered":"\u00dcber uns"},"content":{"rendered":"<h1><span style=\"color: #000080;\">Demirkol Turkishe Hunde Kausnacks Ltd<\/span><\/h1>\n<p>Seit 1980 Unsere Gesch\u00e4ftsf\u00fchrer und Firmenpartneren\u00a0 haben\u00a0 Erfahrung uber\u00a0 Produktionsaktivit\u00e4ten f\u00fcr tierische Nebenprodukte\u00a0 und \u00a0\u00a0Schlachthof produkte<\/p>\n<p>Sie haben zusammen\u00a0 der Firma Demirkol Kausnacks\u00a0 Ltd\u00a0\u00a0 2003 als erste\u00a0 Hersteller \/Exporteur in Afyon Turkei\u00a0 gegrunt,<\/p>\n<p>Unsere Fabrik \u00fcber Hunde Kausnacks\u00a0 wurde von den \u00f6rtlichen Beh\u00f6rden genehmigt , von der FDA (Food &amp; Drug Administration) USA, Veterin\u00e4rorganisation der Europ\u00e4ischen Union f\u00fcr Br\u00fcssel<\/p>\n<p>Aufgrund regelm\u00e4\u00dfiger beh\u00f6rdlicher Inspektionen exportieren wir in den letzten 17 Jahren in die USA, in L\u00e4nder der Europ\u00e4ischen Union und nach Kanada<\/p>\n<p>In den 2020er Jahren betr\u00e4gt unsere j\u00e4hrliche Produktionskapazit\u00e4t 5000 Tonnen getrocknetes Hunde Kausnacks mit uber 120 Mitarbeitern in Bulgaria und Turkei<\/p>\n<p>Jetzt , Hundeliebhaber k\u00f6nnen unsere turkische Hunde Kausnacks\u00a0 \u00fcber\u00a0 10.000 Regale von Gesch\u00e4ften uberall \u00a0Europa<\/p>\n","protected":false},"excerpt":{"rendered":"<p>Demirkol Turkishe Hunde Kausnacks Ltd Seit 1980 Unsere Gesch\u00e4ftsf\u00fchrer und  [&#8230;]<\/p>\n","protected":false},"author":1,"featured_media":0,"parent":0,"menu_order":0,"comment_status":"closed","ping_status":"closed","template":"","meta":{"footnotes":""},"class_list":["post-14","page","type-page","status-publish","hentry"],"_links":{"self":[{"href":"https:\/\/www.demirkolpet.com\/de\/wp-json\/wp\/v2\/pages\/14","targetHints":{"allow":["GET"]}}],"collection":[{"href":"https:\/\/www.demirkolpet.com\/de\/wp-json\/wp\/v2\/pages"}],"about":[{"href":"https:\/\/www.demirkolpet.com\/de\/wp-json\/wp\/v2\/types\/page"}],"author":[{"embeddable":true,"href":"https:\/\/www.demirkolpet.com\/de\/wp-json\/wp\/v2\/users\/1"}],"replies":[{"embeddable":true,"href":"https:\/\/www.demirkolpet.com\/de\/wp-json\/wp\/v2\/comments?post=14"}],"version-history":[{"count":9,"href":"https:\/\/www.demirkolpet.com\/de\/wp-json\/wp\/v2\/pages\/14\/revisions"}],"predecessor-version":[{"id":712,"href":"https:\/\/www.demirkolpet.com\/de\/wp-json\/wp\/v2\/pages\/14\/revisions\/712"}],"wp:attachment":[{"href":"https:\/\/www.demirkolpet.com\/de\/wp-json\/wp\/v2\/media?parent=14"}],"curies":[{"name":"wp","href":"https:\/\/api.w.org\/{rel}","templated":true}]}}