{"id":131,"date":"2020-02-08T11:02:34","date_gmt":"2020-02-08T08:02:34","guid":{"rendered":"https:\/\/www.demirkolpet.com\/de\/?page_id=131"},"modified":"2020-03-05T16:16:00","modified_gmt":"2020-03-05T13:16:00","slug":"ziegenohr","status":"publish","type":"page","link":"https:\/\/www.demirkolpet.com\/de\/ziegenohr\/","title":{"rendered":"Ziegenohren"},"content":{"rendered":"<h1>Ziegenohren Gelblich<\/h1>\n<p>Demirkol getrocknete Ziegenohren sind ein gesunder Snack-Typ, da sie f\u00fcr Hunde mit Nahrungsmittelallergien und Verdauungsschwierigkeiten \u00e4u\u00dferst lecker und leicht verdaulich sind. Es ist eine Nahrungsquelle, in der selbst kleine Hunde fast bereit sind, gegen die gro\u00dfen zu k\u00e4mpfen.<\/p>\n<p>Demirkol Dog Cookies: Erh\u00f6ht die Durchblutung des Zahnfleisches. Somit unterst\u00fctzt es die Bildung sauberer, gesunder und starker Z\u00e4hne.<\/p>\n<p>Dieser Keks ist ein verdauungsf\u00f6rderndes Produkt, das vor und nach dem Essen verabreicht werden kann. Es enth\u00e4lt keine k\u00fcnstlichen Aromen, Duftstoffe, Farbstoffe und Konservierungsstoffe.<\/p>\n<h3>Komponenten-Mindestwerte,<\/h3>\n<p>Rohproteinwert: 91,2%<\/p>\n<p>Roh\u00f6l: 4,5%<\/p>\n<p>Rohe Asche: 4,7%<\/p>\n<p><img decoding=\"async\" class=\"lazyload alignnone size-full wp-image-323\" src=\"https:\/\/www.demirkolpet.com\/de\/wp-content\/uploads\/2020\/02\/goat-ears2.jpg\" data-orig-src=\"https:\/\/www.demirkolpet.com\/de\/wp-content\/uploads\/2020\/02\/goat-ears2.jpg\" alt=\"\" width=\"500\" height=\"500\" srcset=\"data:image\/svg+xml,%3Csvg%20xmlns%3D%27http%3A%2F%2Fwww.w3.org%2F2000%2Fsvg%27%20width%3D%27500%27%20height%3D%27500%27%20viewBox%3D%270%200%20500%20500%27%3E%3Crect%20width%3D%27500%27%20height%3D%27500%27%20fill-opacity%3D%220%22%2F%3E%3C%2Fsvg%3E\" data-srcset=\"https:\/\/www.demirkolpet.com\/de\/wp-content\/uploads\/2020\/02\/goat-ears2-66x66.jpg 66w, https:\/\/www.demirkolpet.com\/de\/wp-content\/uploads\/2020\/02\/goat-ears2-150x150.jpg 150w, https:\/\/www.demirkolpet.com\/de\/wp-content\/uploads\/2020\/02\/goat-ears2-200x200.jpg 200w, https:\/\/www.demirkolpet.com\/de\/wp-content\/uploads\/2020\/02\/goat-ears2-300x300.jpg 300w, https:\/\/www.demirkolpet.com\/de\/wp-content\/uploads\/2020\/02\/goat-ears2-400x400.jpg 400w, https:\/\/www.demirkolpet.com\/de\/wp-content\/uploads\/2020\/02\/goat-ears2.jpg 500w\" data-sizes=\"auto\" data-orig-sizes=\"(max-width: 500px) 100vw, 500px\" \/> <img decoding=\"async\" class=\"lazyload alignnone size-full wp-image-325\" src=\"https:\/\/www.demirkolpet.com\/de\/wp-content\/uploads\/2020\/02\/goat-ears.jpg\" data-orig-src=\"https:\/\/www.demirkolpet.com\/de\/wp-content\/uploads\/2020\/02\/goat-ears.jpg\" alt=\"\" width=\"500\" height=\"500\" srcset=\"data:image\/svg+xml,%3Csvg%20xmlns%3D%27http%3A%2F%2Fwww.w3.org%2F2000%2Fsvg%27%20width%3D%27500%27%20height%3D%27500%27%20viewBox%3D%270%200%20500%20500%27%3E%3Crect%20width%3D%27500%27%20height%3D%27500%27%20fill-opacity%3D%220%22%2F%3E%3C%2Fsvg%3E\" data-srcset=\"https:\/\/www.demirkolpet.com\/de\/wp-content\/uploads\/2020\/02\/goat-ears-66x66.jpg 66w, https:\/\/www.demirkolpet.com\/de\/wp-content\/uploads\/2020\/02\/goat-ears-150x150.jpg 150w, https:\/\/www.demirkolpet.com\/de\/wp-content\/uploads\/2020\/02\/goat-ears-200x200.jpg 200w, https:\/\/www.demirkolpet.com\/de\/wp-content\/uploads\/2020\/02\/goat-ears-300x300.jpg 300w, https:\/\/www.demirkolpet.com\/de\/wp-content\/uploads\/2020\/02\/goat-ears-400x400.jpg 400w, https:\/\/www.demirkolpet.com\/de\/wp-content\/uploads\/2020\/02\/goat-ears.jpg 500w\" data-sizes=\"auto\" data-orig-sizes=\"(max-width: 500px) 100vw, 500px\" \/><\/p>\n","protected":false},"excerpt":{"rendered":"<p>Ziegenohren Gelblich Demirkol getrocknete Ziegenohren sind ein gesunder Snack-Typ, da  [&#8230;]<\/p>\n","protected":false},"author":1,"featured_media":0,"parent":0,"menu_order":0,"comment_status":"closed","ping_status":"closed","template":"","meta":{"footnotes":""},"class_list":["post-131","page","type-page","status-publish","hentry"],"_links":{"self":[{"href":"https:\/\/www.demirkolpet.com\/de\/wp-json\/wp\/v2\/pages\/131","targetHints":{"allow":["GET"]}}],"collection":[{"href":"https:\/\/www.demirkolpet.com\/de\/wp-json\/wp\/v2\/pages"}],"about":[{"href":"https:\/\/www.demirkolpet.com\/de\/wp-json\/wp\/v2\/types\/page"}],"author":[{"embeddable":true,"href":"https:\/\/www.demirkolpet.com\/de\/wp-json\/wp\/v2\/users\/1"}],"replies":[{"embeddable":true,"href":"https:\/\/www.demirkolpet.com\/de\/wp-json\/wp\/v2\/comments?post=131"}],"version-history":[{"count":6,"href":"https:\/\/www.demirkolpet.com\/de\/wp-json\/wp\/v2\/pages\/131\/revisions"}],"predecessor-version":[{"id":665,"href":"https:\/\/www.demirkolpet.com\/de\/wp-json\/wp\/v2\/pages\/131\/revisions\/665"}],"wp:attachment":[{"href":"https:\/\/www.demirkolpet.com\/de\/wp-json\/wp\/v2\/media?parent=131"}],"curies":[{"name":"wp","href":"https:\/\/api.w.org\/{rel}","templated":true}]}}