{"id":128,"date":"2020-02-08T11:00:57","date_gmt":"2020-02-08T08:00:57","guid":{"rendered":"https:\/\/www.demirkolpet.com\/de\/?page_id=128"},"modified":"2020-02-24T14:12:46","modified_gmt":"2020-02-24T11:12:46","slug":"kamelhaut","status":"publish","type":"page","link":"https:\/\/www.demirkolpet.com\/de\/kamelhaut\/","title":{"rendered":"Kamelhaut"},"content":{"rendered":"<h1>Kamelhaut<\/h1>\n<p>Kamelhaut klebt. 100% nat\u00fcrlich produzierter Kaukeks. Es enth\u00e4lt keine Zusatzstoffe. Kamelh\u00e4ute sind nicht nur lecker, sondern auch sehr gesund. Es ist unter anderem ein Gaumenfest, wie zum Beispiel Hunde mit Allergien.<\/p>\n<p>Getrocknete Kamelhaut ist z\u00e4h und ein besonderes Vergn\u00fcgen beim Kauen f\u00fcr alle Hunde.<\/p>\n<p>Diese Ruten werden besonders f\u00fcr Hunde mit Allergien empfohlen.<\/p>\n<p>Es ist fettarm. Es ist v\u00f6llig nat\u00fcrlich und enth\u00e4lt keine chemischen Zus\u00e4tze.<\/p>\n<h3>Komponenten-Mindestwerte,<\/h3>\n<p>Rohproteinwert: 82,0%<\/p>\n<p>Roh\u00f6l: 4,5%<\/p>\n<p>Rohe Asche: 4,35%<\/p>\n<p>Feuchtigkeit: 6,9<\/p>\n<p><img decoding=\"async\" class=\"lazyload alignnone size-full wp-image-284\" src=\"https:\/\/www.demirkolpet.com\/de\/wp-content\/uploads\/2020\/02\/camel-headskin.jpg\" data-orig-src=\"https:\/\/www.demirkolpet.com\/de\/wp-content\/uploads\/2020\/02\/camel-headskin.jpg\" alt=\"\" width=\"500\" height=\"500\" srcset=\"data:image\/svg+xml,%3Csvg%20xmlns%3D%27http%3A%2F%2Fwww.w3.org%2F2000%2Fsvg%27%20width%3D%27500%27%20height%3D%27500%27%20viewBox%3D%270%200%20500%20500%27%3E%3Crect%20width%3D%27500%27%20height%3D%27500%27%20fill-opacity%3D%220%22%2F%3E%3C%2Fsvg%3E\" data-srcset=\"https:\/\/www.demirkolpet.com\/de\/wp-content\/uploads\/2020\/02\/camel-headskin-66x66.jpg 66w, https:\/\/www.demirkolpet.com\/de\/wp-content\/uploads\/2020\/02\/camel-headskin-150x150.jpg 150w, https:\/\/www.demirkolpet.com\/de\/wp-content\/uploads\/2020\/02\/camel-headskin-200x200.jpg 200w, https:\/\/www.demirkolpet.com\/de\/wp-content\/uploads\/2020\/02\/camel-headskin-300x300.jpg 300w, https:\/\/www.demirkolpet.com\/de\/wp-content\/uploads\/2020\/02\/camel-headskin-400x400.jpg 400w, https:\/\/www.demirkolpet.com\/de\/wp-content\/uploads\/2020\/02\/camel-headskin.jpg 500w\" data-sizes=\"auto\" data-orig-sizes=\"(max-width: 500px) 100vw, 500px\" \/> <img decoding=\"async\" class=\"lazyload alignnone size-full wp-image-285\" src=\"https:\/\/www.demirkolpet.com\/de\/wp-content\/uploads\/2020\/02\/camel-headskin2.jpg\" data-orig-src=\"https:\/\/www.demirkolpet.com\/de\/wp-content\/uploads\/2020\/02\/camel-headskin2.jpg\" alt=\"\" width=\"500\" height=\"500\" srcset=\"data:image\/svg+xml,%3Csvg%20xmlns%3D%27http%3A%2F%2Fwww.w3.org%2F2000%2Fsvg%27%20width%3D%27500%27%20height%3D%27500%27%20viewBox%3D%270%200%20500%20500%27%3E%3Crect%20width%3D%27500%27%20height%3D%27500%27%20fill-opacity%3D%220%22%2F%3E%3C%2Fsvg%3E\" data-srcset=\"https:\/\/www.demirkolpet.com\/de\/wp-content\/uploads\/2020\/02\/camel-headskin2-66x66.jpg 66w, https:\/\/www.demirkolpet.com\/de\/wp-content\/uploads\/2020\/02\/camel-headskin2-150x150.jpg 150w, https:\/\/www.demirkolpet.com\/de\/wp-content\/uploads\/2020\/02\/camel-headskin2-200x200.jpg 200w, https:\/\/www.demirkolpet.com\/de\/wp-content\/uploads\/2020\/02\/camel-headskin2-300x300.jpg 300w, https:\/\/www.demirkolpet.com\/de\/wp-content\/uploads\/2020\/02\/camel-headskin2-400x400.jpg 400w, https:\/\/www.demirkolpet.com\/de\/wp-content\/uploads\/2020\/02\/camel-headskin2.jpg 500w\" data-sizes=\"auto\" data-orig-sizes=\"(max-width: 500px) 100vw, 500px\" \/><\/p>\n","protected":false},"excerpt":{"rendered":"<p>Kamelhaut Kamelhaut klebt. 100% nat\u00fcrlich produzierter Kaukeks. Es enth\u00e4lt keine  [&#8230;]<\/p>\n","protected":false},"author":1,"featured_media":0,"parent":0,"menu_order":0,"comment_status":"closed","ping_status":"closed","template":"","meta":{"footnotes":""},"class_list":["post-128","page","type-page","status-publish","hentry"],"_links":{"self":[{"href":"https:\/\/www.demirkolpet.com\/de\/wp-json\/wp\/v2\/pages\/128","targetHints":{"allow":["GET"]}}],"collection":[{"href":"https:\/\/www.demirkolpet.com\/de\/wp-json\/wp\/v2\/pages"}],"about":[{"href":"https:\/\/www.demirkolpet.com\/de\/wp-json\/wp\/v2\/types\/page"}],"author":[{"embeddable":true,"href":"https:\/\/www.demirkolpet.com\/de\/wp-json\/wp\/v2\/users\/1"}],"replies":[{"embeddable":true,"href":"https:\/\/www.demirkolpet.com\/de\/wp-json\/wp\/v2\/comments?post=128"}],"version-history":[{"count":5,"href":"https:\/\/www.demirkolpet.com\/de\/wp-json\/wp\/v2\/pages\/128\/revisions"}],"predecessor-version":[{"id":629,"href":"https:\/\/www.demirkolpet.com\/de\/wp-json\/wp\/v2\/pages\/128\/revisions\/629"}],"wp:attachment":[{"href":"https:\/\/www.demirkolpet.com\/de\/wp-json\/wp\/v2\/media?parent=128"}],"curies":[{"name":"wp","href":"https:\/\/api.w.org\/{rel}","templated":true}]}}