{"id":125,"date":"2020-02-08T10:59:34","date_gmt":"2020-02-08T07:59:34","guid":{"rendered":"https:\/\/www.demirkolpet.com\/de\/?page_id=125"},"modified":"2020-03-05T15:31:38","modified_gmt":"2020-03-05T12:31:38","slug":"lammfuss","status":"publish","type":"page","link":"https:\/\/www.demirkolpet.com\/de\/lammfuss\/","title":{"rendered":"Lammfu\u00df"},"content":{"rendered":"<h1>Lammunterbeine, Schafsunterbeine<\/h1>\n<p>Unsere Schafsunterbeine sind Produkte von h\u00f6chster Qualit\u00e4t, die auch verw\u00f6hnten und anspruchsvollen Hunden Freude bereiten.<\/p>\n<p>Unsere Lammf\u00fc\u00dfe, die Kekse kauen, werden von L\u00e4mmern gewonnen, die auf Weiden wachsen. Es ist ein kleiner und k\u00f6stlicher Snack f\u00fcr gelegentliche Snacks.<\/p>\n<p>Dieses Kauprodukt ist ein Nahrungserg\u00e4nzungsmittel f\u00fcr Hunde und kann dazu beitragen, dass es als Hauptmahlzeit oder Belohnung gef\u00fcttert wird.<\/p>\n<p>Nat\u00fcrlich m\u00f6chten wir noch einmal darauf hinweisen, dass wir garantieren, dass dieses empfindliche Produkt vollst\u00e4ndig additivfrei und nat\u00fcrlich hergestellt ist.<\/p>\n<p>F\u00fctterungshinweis: Er kann als Keks oder Belohnung in einem Zeitraum parallel zu den Zeiten gegeben werden, zu denen Sie regelm\u00e4\u00dfig f\u00fcttern. Frisches Trinkwasser sollte jederzeit verf\u00fcgbar sein.<\/p>\n<h3>Komponenten-Mindestwerte,<\/h3>\n<p>Rohproteinwert: 62,3%<\/p>\n<p>Roh\u00f6l: 5,7%<\/p>\n<p>Rohe Asche: 4,1%<\/p>\n<p>Feuchtigkeit: 8,7 %<\/p>\n<p><img decoding=\"async\" class=\"lazyload alignnone size-full wp-image-305\" src=\"https:\/\/www.demirkolpet.com\/de\/wp-content\/uploads\/2020\/02\/lammfusse2.jpg\" data-orig-src=\"https:\/\/www.demirkolpet.com\/de\/wp-content\/uploads\/2020\/02\/lammfusse2.jpg\" alt=\"\" width=\"500\" height=\"500\" srcset=\"data:image\/svg+xml,%3Csvg%20xmlns%3D%27http%3A%2F%2Fwww.w3.org%2F2000%2Fsvg%27%20width%3D%27500%27%20height%3D%27500%27%20viewBox%3D%270%200%20500%20500%27%3E%3Crect%20width%3D%27500%27%20height%3D%27500%27%20fill-opacity%3D%220%22%2F%3E%3C%2Fsvg%3E\" data-srcset=\"https:\/\/www.demirkolpet.com\/de\/wp-content\/uploads\/2020\/02\/lammfusse2-66x66.jpg 66w, https:\/\/www.demirkolpet.com\/de\/wp-content\/uploads\/2020\/02\/lammfusse2-150x150.jpg 150w, https:\/\/www.demirkolpet.com\/de\/wp-content\/uploads\/2020\/02\/lammfusse2-200x200.jpg 200w, https:\/\/www.demirkolpet.com\/de\/wp-content\/uploads\/2020\/02\/lammfusse2-300x300.jpg 300w, https:\/\/www.demirkolpet.com\/de\/wp-content\/uploads\/2020\/02\/lammfusse2-400x400.jpg 400w, https:\/\/www.demirkolpet.com\/de\/wp-content\/uploads\/2020\/02\/lammfusse2.jpg 500w\" data-sizes=\"auto\" data-orig-sizes=\"(max-width: 500px) 100vw, 500px\" \/> <img decoding=\"async\" class=\"lazyload alignnone size-full wp-image-307\" src=\"https:\/\/www.demirkolpet.com\/de\/wp-content\/uploads\/2020\/02\/lammfusse1.jpg\" data-orig-src=\"https:\/\/www.demirkolpet.com\/de\/wp-content\/uploads\/2020\/02\/lammfusse1.jpg\" alt=\"\" width=\"500\" height=\"500\" srcset=\"data:image\/svg+xml,%3Csvg%20xmlns%3D%27http%3A%2F%2Fwww.w3.org%2F2000%2Fsvg%27%20width%3D%27500%27%20height%3D%27500%27%20viewBox%3D%270%200%20500%20500%27%3E%3Crect%20width%3D%27500%27%20height%3D%27500%27%20fill-opacity%3D%220%22%2F%3E%3C%2Fsvg%3E\" data-srcset=\"https:\/\/www.demirkolpet.com\/de\/wp-content\/uploads\/2020\/02\/lammfusse1-66x66.jpg 66w, https:\/\/www.demirkolpet.com\/de\/wp-content\/uploads\/2020\/02\/lammfusse1-150x150.jpg 150w, https:\/\/www.demirkolpet.com\/de\/wp-content\/uploads\/2020\/02\/lammfusse1-200x200.jpg 200w, https:\/\/www.demirkolpet.com\/de\/wp-content\/uploads\/2020\/02\/lammfusse1-300x300.jpg 300w, https:\/\/www.demirkolpet.com\/de\/wp-content\/uploads\/2020\/02\/lammfusse1-400x400.jpg 400w, https:\/\/www.demirkolpet.com\/de\/wp-content\/uploads\/2020\/02\/lammfusse1.jpg 500w\" data-sizes=\"auto\" data-orig-sizes=\"(max-width: 500px) 100vw, 500px\" \/> <img decoding=\"async\" class=\"lazyload alignnone size-full wp-image-308\" src=\"https:\/\/www.demirkolpet.com\/de\/wp-content\/uploads\/2020\/02\/lammfusse3.jpg\" data-orig-src=\"https:\/\/www.demirkolpet.com\/de\/wp-content\/uploads\/2020\/02\/lammfusse3.jpg\" alt=\"\" width=\"500\" height=\"500\" srcset=\"data:image\/svg+xml,%3Csvg%20xmlns%3D%27http%3A%2F%2Fwww.w3.org%2F2000%2Fsvg%27%20width%3D%27500%27%20height%3D%27500%27%20viewBox%3D%270%200%20500%20500%27%3E%3Crect%20width%3D%27500%27%20height%3D%27500%27%20fill-opacity%3D%220%22%2F%3E%3C%2Fsvg%3E\" data-srcset=\"https:\/\/www.demirkolpet.com\/de\/wp-content\/uploads\/2020\/02\/lammfusse3-66x66.jpg 66w, https:\/\/www.demirkolpet.com\/de\/wp-content\/uploads\/2020\/02\/lammfusse3-150x150.jpg 150w, https:\/\/www.demirkolpet.com\/de\/wp-content\/uploads\/2020\/02\/lammfusse3-200x200.jpg 200w, https:\/\/www.demirkolpet.com\/de\/wp-content\/uploads\/2020\/02\/lammfusse3-300x300.jpg 300w, https:\/\/www.demirkolpet.com\/de\/wp-content\/uploads\/2020\/02\/lammfusse3-400x400.jpg 400w, https:\/\/www.demirkolpet.com\/de\/wp-content\/uploads\/2020\/02\/lammfusse3.jpg 500w\" data-sizes=\"auto\" data-orig-sizes=\"(max-width: 500px) 100vw, 500px\" \/> <img decoding=\"async\" class=\"lazyload alignnone size-full wp-image-309\" src=\"https:\/\/www.demirkolpet.com\/de\/wp-content\/uploads\/2020\/02\/lammfusse4.jpg\" data-orig-src=\"https:\/\/www.demirkolpet.com\/de\/wp-content\/uploads\/2020\/02\/lammfusse4.jpg\" alt=\"\" width=\"500\" height=\"500\" srcset=\"data:image\/svg+xml,%3Csvg%20xmlns%3D%27http%3A%2F%2Fwww.w3.org%2F2000%2Fsvg%27%20width%3D%27500%27%20height%3D%27500%27%20viewBox%3D%270%200%20500%20500%27%3E%3Crect%20width%3D%27500%27%20height%3D%27500%27%20fill-opacity%3D%220%22%2F%3E%3C%2Fsvg%3E\" data-srcset=\"https:\/\/www.demirkolpet.com\/de\/wp-content\/uploads\/2020\/02\/lammfusse4-66x66.jpg 66w, https:\/\/www.demirkolpet.com\/de\/wp-content\/uploads\/2020\/02\/lammfusse4-150x150.jpg 150w, https:\/\/www.demirkolpet.com\/de\/wp-content\/uploads\/2020\/02\/lammfusse4-200x200.jpg 200w, https:\/\/www.demirkolpet.com\/de\/wp-content\/uploads\/2020\/02\/lammfusse4-300x300.jpg 300w, https:\/\/www.demirkolpet.com\/de\/wp-content\/uploads\/2020\/02\/lammfusse4-400x400.jpg 400w, https:\/\/www.demirkolpet.com\/de\/wp-content\/uploads\/2020\/02\/lammfusse4.jpg 500w\" data-sizes=\"auto\" data-orig-sizes=\"(max-width: 500px) 100vw, 500px\" \/><\/p>\n","protected":false},"excerpt":{"rendered":"<p>Lammunterbeine, Schafsunterbeine Unsere Schafsunterbeine sind Produkte von h\u00f6chster Qualit\u00e4t, die  [&#8230;]<\/p>\n","protected":false},"author":1,"featured_media":0,"parent":0,"menu_order":0,"comment_status":"closed","ping_status":"closed","template":"","meta":{"footnotes":""},"class_list":["post-125","page","type-page","status-publish","hentry"],"_links":{"self":[{"href":"https:\/\/www.demirkolpet.com\/de\/wp-json\/wp\/v2\/pages\/125","targetHints":{"allow":["GET"]}}],"collection":[{"href":"https:\/\/www.demirkolpet.com\/de\/wp-json\/wp\/v2\/pages"}],"about":[{"href":"https:\/\/www.demirkolpet.com\/de\/wp-json\/wp\/v2\/types\/page"}],"author":[{"embeddable":true,"href":"https:\/\/www.demirkolpet.com\/de\/wp-json\/wp\/v2\/users\/1"}],"replies":[{"embeddable":true,"href":"https:\/\/www.demirkolpet.com\/de\/wp-json\/wp\/v2\/comments?post=125"}],"version-history":[{"count":9,"href":"https:\/\/www.demirkolpet.com\/de\/wp-json\/wp\/v2\/pages\/125\/revisions"}],"predecessor-version":[{"id":658,"href":"https:\/\/www.demirkolpet.com\/de\/wp-json\/wp\/v2\/pages\/125\/revisions\/658"}],"wp:attachment":[{"href":"https:\/\/www.demirkolpet.com\/de\/wp-json\/wp\/v2\/media?parent=125"}],"curies":[{"name":"wp","href":"https:\/\/api.w.org\/{rel}","templated":true}]}}