{"id":122,"date":"2020-02-08T10:55:17","date_gmt":"2020-02-08T07:55:17","guid":{"rendered":"https:\/\/www.demirkolpet.com\/de\/?page_id=122"},"modified":"2020-02-24T14:04:19","modified_gmt":"2020-02-24T11:04:19","slug":"lammschwanz","status":"publish","type":"page","link":"https:\/\/www.demirkolpet.com\/de\/lammschwanz\/","title":{"rendered":"Lammschwanz"},"content":{"rendered":"<h1>Lammschwanz<\/h1>\n<p>Sie k\u00f6nnen Ihre Hunde problemlos mit leicht zu servierenden Lammschw\u00e4nzen f\u00fcttern. Lammschwanzst\u00fccke garantieren vollen Kaugenuss. Aus 100% nat\u00fcrlichem Fleisch getrocknete Lammschw\u00e4nze bieten Ihrem Hund ein gesundes Kauen.<\/p>\n<h2>Lammschwanz<\/h2>\n<p>Diejenigen, die wegen der Steifheit des Lammschwanzes gerne schnell kauen, werden auch ihre Freude finden und auch ihre Z\u00e4hne putzen. Es wurde rauchfrei bei 130 \u00b0 C in Hei\u00dfluft\u00f6fen getrocknet. Es gibt keine Gew\u00fcrze.<\/p>\n<h3>Komponenten-Mindestwerte,<\/h3>\n<p>Rohproteinwert: 54,7%<\/p>\n<p>Roh\u00f6l: 12,4%<\/p>\n<p>Rohe Asche: 24,4%<\/p>\n<p>Feuchtigkeit: 8,1%<\/p>\n<p><img decoding=\"async\" class=\"lazyload alignnone size-full wp-image-319\" src=\"https:\/\/www.demirkolpet.com\/de\/wp-content\/uploads\/2020\/02\/lamb-tail-1.jpg\" data-orig-src=\"https:\/\/www.demirkolpet.com\/de\/wp-content\/uploads\/2020\/02\/lamb-tail-1.jpg\" alt=\"\" width=\"500\" height=\"500\" srcset=\"data:image\/svg+xml,%3Csvg%20xmlns%3D%27http%3A%2F%2Fwww.w3.org%2F2000%2Fsvg%27%20width%3D%27500%27%20height%3D%27500%27%20viewBox%3D%270%200%20500%20500%27%3E%3Crect%20width%3D%27500%27%20height%3D%27500%27%20fill-opacity%3D%220%22%2F%3E%3C%2Fsvg%3E\" data-srcset=\"https:\/\/www.demirkolpet.com\/de\/wp-content\/uploads\/2020\/02\/lamb-tail-1-66x66.jpg 66w, https:\/\/www.demirkolpet.com\/de\/wp-content\/uploads\/2020\/02\/lamb-tail-1-150x150.jpg 150w, https:\/\/www.demirkolpet.com\/de\/wp-content\/uploads\/2020\/02\/lamb-tail-1-200x200.jpg 200w, https:\/\/www.demirkolpet.com\/de\/wp-content\/uploads\/2020\/02\/lamb-tail-1-300x300.jpg 300w, https:\/\/www.demirkolpet.com\/de\/wp-content\/uploads\/2020\/02\/lamb-tail-1-400x400.jpg 400w, https:\/\/www.demirkolpet.com\/de\/wp-content\/uploads\/2020\/02\/lamb-tail-1.jpg 500w\" data-sizes=\"auto\" data-orig-sizes=\"(max-width: 500px) 100vw, 500px\" \/> <img decoding=\"async\" class=\"lazyload alignnone size-full wp-image-320\" src=\"https:\/\/www.demirkolpet.com\/de\/wp-content\/uploads\/2020\/02\/lamb-tail2.jpg\" data-orig-src=\"https:\/\/www.demirkolpet.com\/de\/wp-content\/uploads\/2020\/02\/lamb-tail2.jpg\" alt=\"\" width=\"500\" height=\"500\" srcset=\"data:image\/svg+xml,%3Csvg%20xmlns%3D%27http%3A%2F%2Fwww.w3.org%2F2000%2Fsvg%27%20width%3D%27500%27%20height%3D%27500%27%20viewBox%3D%270%200%20500%20500%27%3E%3Crect%20width%3D%27500%27%20height%3D%27500%27%20fill-opacity%3D%220%22%2F%3E%3C%2Fsvg%3E\" data-srcset=\"https:\/\/www.demirkolpet.com\/de\/wp-content\/uploads\/2020\/02\/lamb-tail2-66x66.jpg 66w, https:\/\/www.demirkolpet.com\/de\/wp-content\/uploads\/2020\/02\/lamb-tail2-150x150.jpg 150w, https:\/\/www.demirkolpet.com\/de\/wp-content\/uploads\/2020\/02\/lamb-tail2-200x200.jpg 200w, https:\/\/www.demirkolpet.com\/de\/wp-content\/uploads\/2020\/02\/lamb-tail2-300x300.jpg 300w, https:\/\/www.demirkolpet.com\/de\/wp-content\/uploads\/2020\/02\/lamb-tail2-400x400.jpg 400w, https:\/\/www.demirkolpet.com\/de\/wp-content\/uploads\/2020\/02\/lamb-tail2.jpg 500w\" data-sizes=\"auto\" data-orig-sizes=\"(max-width: 500px) 100vw, 500px\" \/><\/p>\n","protected":false},"excerpt":{"rendered":"<p>Lammschwanz Sie k\u00f6nnen Ihre Hunde problemlos mit leicht zu servierenden  [&#8230;]<\/p>\n","protected":false},"author":1,"featured_media":0,"parent":0,"menu_order":0,"comment_status":"closed","ping_status":"closed","template":"","meta":{"footnotes":""},"class_list":["post-122","page","type-page","status-publish","hentry"],"_links":{"self":[{"href":"https:\/\/www.demirkolpet.com\/de\/wp-json\/wp\/v2\/pages\/122","targetHints":{"allow":["GET"]}}],"collection":[{"href":"https:\/\/www.demirkolpet.com\/de\/wp-json\/wp\/v2\/pages"}],"about":[{"href":"https:\/\/www.demirkolpet.com\/de\/wp-json\/wp\/v2\/types\/page"}],"author":[{"embeddable":true,"href":"https:\/\/www.demirkolpet.com\/de\/wp-json\/wp\/v2\/users\/1"}],"replies":[{"embeddable":true,"href":"https:\/\/www.demirkolpet.com\/de\/wp-json\/wp\/v2\/comments?post=122"}],"version-history":[{"count":5,"href":"https:\/\/www.demirkolpet.com\/de\/wp-json\/wp\/v2\/pages\/122\/revisions"}],"predecessor-version":[{"id":625,"href":"https:\/\/www.demirkolpet.com\/de\/wp-json\/wp\/v2\/pages\/122\/revisions\/625"}],"wp:attachment":[{"href":"https:\/\/www.demirkolpet.com\/de\/wp-json\/wp\/v2\/media?parent=122"}],"curies":[{"name":"wp","href":"https:\/\/api.w.org\/{rel}","templated":true}]}}