{"id":119,"date":"2020-02-08T10:53:51","date_gmt":"2020-02-08T07:53:51","guid":{"rendered":"https:\/\/www.demirkolpet.com\/de\/?page_id=119"},"modified":"2020-03-05T15:18:02","modified_gmt":"2020-03-05T12:18:02","slug":"lammkutteln","status":"publish","type":"page","link":"https:\/\/www.demirkolpet.com\/de\/lammkutteln\/","title":{"rendered":"Lammpansen"},"content":{"rendered":"<h1>Lammpansen 15cm &amp; Lammpansen 25cm<\/h1>\n<p>Unser Lammpansen-Produkt ist genauso gesund und lecker wie unser Dana Tripe-Produkt. Es ist reichlich aromatisiert und fast vollst\u00e4ndig \u00f6lfrei. Es hat wertvolle N\u00e4hrstoffe wie Beef Tripe und ist sehr leicht zu verdauen. Lamb Tripe Tripe-Duft mag f\u00fcr die menschliche Nase etwas schwer klingen, ist aber f\u00fcr viele Hunde und sogar f\u00fcr Allergiker eine unwiderstehliche Herausforderung. Kutteln sind wie der erste Magen f\u00fcr Tiere, die kontinuierlich gekaut werden m\u00fcssen. Verdaute Pflanzenpartikel enthalten nicht nur Mineralien und Vitamine, sondern sind auch sehr n\u00fctzlich f\u00fcr die Darmflora des Hundes.<\/p>\n<h3>Komponenten-Mindestwerte,<\/h3>\n<p>Rohproteinwert: 67,9%<\/p>\n<p>Roh\u00f6l: 14,7%<\/p>\n<p>Rohe Asche: 2,6%<\/p>\n<p>Feuchtigkeit: 8,0 %<\/p>\n<p><img decoding=\"async\" class=\"lazyload alignnone size-full wp-image-288\" src=\"https:\/\/www.demirkolpet.com\/de\/wp-content\/uploads\/2020\/02\/lamb-tripe.jpg\" data-orig-src=\"https:\/\/www.demirkolpet.com\/de\/wp-content\/uploads\/2020\/02\/lamb-tripe.jpg\" alt=\"\" width=\"500\" height=\"500\" srcset=\"data:image\/svg+xml,%3Csvg%20xmlns%3D%27http%3A%2F%2Fwww.w3.org%2F2000%2Fsvg%27%20width%3D%27500%27%20height%3D%27500%27%20viewBox%3D%270%200%20500%20500%27%3E%3Crect%20width%3D%27500%27%20height%3D%27500%27%20fill-opacity%3D%220%22%2F%3E%3C%2Fsvg%3E\" data-srcset=\"https:\/\/www.demirkolpet.com\/de\/wp-content\/uploads\/2020\/02\/lamb-tripe-66x66.jpg 66w, https:\/\/www.demirkolpet.com\/de\/wp-content\/uploads\/2020\/02\/lamb-tripe-150x150.jpg 150w, https:\/\/www.demirkolpet.com\/de\/wp-content\/uploads\/2020\/02\/lamb-tripe-200x200.jpg 200w, https:\/\/www.demirkolpet.com\/de\/wp-content\/uploads\/2020\/02\/lamb-tripe-300x300.jpg 300w, https:\/\/www.demirkolpet.com\/de\/wp-content\/uploads\/2020\/02\/lamb-tripe-400x400.jpg 400w, https:\/\/www.demirkolpet.com\/de\/wp-content\/uploads\/2020\/02\/lamb-tripe.jpg 500w\" data-sizes=\"auto\" data-orig-sizes=\"(max-width: 500px) 100vw, 500px\" \/> <img decoding=\"async\" class=\"lazyload alignnone size-full wp-image-290\" src=\"https:\/\/www.demirkolpet.com\/de\/wp-content\/uploads\/2020\/02\/lamb-tripe2.jpg\" data-orig-src=\"https:\/\/www.demirkolpet.com\/de\/wp-content\/uploads\/2020\/02\/lamb-tripe2.jpg\" alt=\"\" width=\"500\" height=\"500\" srcset=\"data:image\/svg+xml,%3Csvg%20xmlns%3D%27http%3A%2F%2Fwww.w3.org%2F2000%2Fsvg%27%20width%3D%27500%27%20height%3D%27500%27%20viewBox%3D%270%200%20500%20500%27%3E%3Crect%20width%3D%27500%27%20height%3D%27500%27%20fill-opacity%3D%220%22%2F%3E%3C%2Fsvg%3E\" data-srcset=\"https:\/\/www.demirkolpet.com\/de\/wp-content\/uploads\/2020\/02\/lamb-tripe2-66x66.jpg 66w, https:\/\/www.demirkolpet.com\/de\/wp-content\/uploads\/2020\/02\/lamb-tripe2-150x150.jpg 150w, https:\/\/www.demirkolpet.com\/de\/wp-content\/uploads\/2020\/02\/lamb-tripe2-200x200.jpg 200w, https:\/\/www.demirkolpet.com\/de\/wp-content\/uploads\/2020\/02\/lamb-tripe2-300x300.jpg 300w, https:\/\/www.demirkolpet.com\/de\/wp-content\/uploads\/2020\/02\/lamb-tripe2-400x400.jpg 400w, https:\/\/www.demirkolpet.com\/de\/wp-content\/uploads\/2020\/02\/lamb-tripe2.jpg 500w\" data-sizes=\"auto\" data-orig-sizes=\"(max-width: 500px) 100vw, 500px\" \/><\/p>\n","protected":false},"excerpt":{"rendered":"<p>Lammpansen 15cm &amp; Lammpansen 25cm Unser Lammpansen-Produkt ist genauso gesund  [&#8230;]<\/p>\n","protected":false},"author":1,"featured_media":0,"parent":0,"menu_order":0,"comment_status":"closed","ping_status":"closed","template":"","meta":{"footnotes":""},"class_list":["post-119","page","type-page","status-publish","hentry"],"_links":{"self":[{"href":"https:\/\/www.demirkolpet.com\/de\/wp-json\/wp\/v2\/pages\/119","targetHints":{"allow":["GET"]}}],"collection":[{"href":"https:\/\/www.demirkolpet.com\/de\/wp-json\/wp\/v2\/pages"}],"about":[{"href":"https:\/\/www.demirkolpet.com\/de\/wp-json\/wp\/v2\/types\/page"}],"author":[{"embeddable":true,"href":"https:\/\/www.demirkolpet.com\/de\/wp-json\/wp\/v2\/users\/1"}],"replies":[{"embeddable":true,"href":"https:\/\/www.demirkolpet.com\/de\/wp-json\/wp\/v2\/comments?post=119"}],"version-history":[{"count":7,"href":"https:\/\/www.demirkolpet.com\/de\/wp-json\/wp\/v2\/pages\/119\/revisions"}],"predecessor-version":[{"id":646,"href":"https:\/\/www.demirkolpet.com\/de\/wp-json\/wp\/v2\/pages\/119\/revisions\/646"}],"wp:attachment":[{"href":"https:\/\/www.demirkolpet.com\/de\/wp-json\/wp\/v2\/media?parent=119"}],"curies":[{"name":"wp","href":"https:\/\/api.w.org\/{rel}","templated":true}]}}