{"id":110,"date":"2020-02-08T10:48:54","date_gmt":"2020-02-08T07:48:54","guid":{"rendered":"https:\/\/www.demirkolpet.com\/de\/?page_id=110"},"modified":"2020-02-24T13:55:23","modified_gmt":"2020-02-24T10:55:23","slug":"lammkopfhaut","status":"publish","type":"page","link":"https:\/\/www.demirkolpet.com\/de\/lammkopfhaut\/","title":{"rendered":"Lammkopfhaut"},"content":{"rendered":"<h1>Lammkopfhaut<\/h1>\n<p>Reine, sorgf\u00e4ltig getrocknete Lammkopfhaut. Leder von durchschnittlicher Daumengr\u00f6\u00dfe bis Armgr\u00f6\u00dfe sind ein schwer zu kauender Snack. Diese Leder sind eine Alternative zu Kalbskopfleder. Es ist besonders gut f\u00fcr kleine Hunde und Welpen. Besonders kleine Hunde und Welpen lieben es.<\/p>\n<p><strong>F\u00fctterungshinweis:<\/strong> Geben Sie als Snack oder Belohnung in allgemeinen Mahlzeiten. Halten Sie gen\u00fcgend Wasser bereit.<\/p>\n<h3>Komponenten-Mindestwerte,<\/h3>\n<p>Rohproteinwert: 70.1%<\/p>\n<p>Roh\u00f6l: 11,3%<\/p>\n<p>Rohe Asche: 9,3%<\/p>\n<p>Feuchtigkeit: 14,5%<\/p>\n<p><img decoding=\"async\" class=\"lazyload alignnone size-full wp-image-294\" src=\"https:\/\/www.demirkolpet.com\/de\/wp-content\/uploads\/2020\/02\/lamb-headskin.jpg\" data-orig-src=\"https:\/\/www.demirkolpet.com\/de\/wp-content\/uploads\/2020\/02\/lamb-headskin.jpg\" alt=\"\" width=\"500\" height=\"500\" srcset=\"data:image\/svg+xml,%3Csvg%20xmlns%3D%27http%3A%2F%2Fwww.w3.org%2F2000%2Fsvg%27%20width%3D%27500%27%20height%3D%27500%27%20viewBox%3D%270%200%20500%20500%27%3E%3Crect%20width%3D%27500%27%20height%3D%27500%27%20fill-opacity%3D%220%22%2F%3E%3C%2Fsvg%3E\" data-srcset=\"https:\/\/www.demirkolpet.com\/de\/wp-content\/uploads\/2020\/02\/lamb-headskin-66x66.jpg 66w, https:\/\/www.demirkolpet.com\/de\/wp-content\/uploads\/2020\/02\/lamb-headskin-150x150.jpg 150w, https:\/\/www.demirkolpet.com\/de\/wp-content\/uploads\/2020\/02\/lamb-headskin-200x200.jpg 200w, https:\/\/www.demirkolpet.com\/de\/wp-content\/uploads\/2020\/02\/lamb-headskin-300x300.jpg 300w, https:\/\/www.demirkolpet.com\/de\/wp-content\/uploads\/2020\/02\/lamb-headskin-400x400.jpg 400w, https:\/\/www.demirkolpet.com\/de\/wp-content\/uploads\/2020\/02\/lamb-headskin.jpg 500w\" data-sizes=\"auto\" data-orig-sizes=\"(max-width: 500px) 100vw, 500px\" \/> <img decoding=\"async\" class=\"lazyload alignnone size-full wp-image-295\" src=\"https:\/\/www.demirkolpet.com\/de\/wp-content\/uploads\/2020\/02\/lamb-headskin2.jpg\" data-orig-src=\"https:\/\/www.demirkolpet.com\/de\/wp-content\/uploads\/2020\/02\/lamb-headskin2.jpg\" alt=\"\" width=\"500\" height=\"500\" srcset=\"data:image\/svg+xml,%3Csvg%20xmlns%3D%27http%3A%2F%2Fwww.w3.org%2F2000%2Fsvg%27%20width%3D%27500%27%20height%3D%27500%27%20viewBox%3D%270%200%20500%20500%27%3E%3Crect%20width%3D%27500%27%20height%3D%27500%27%20fill-opacity%3D%220%22%2F%3E%3C%2Fsvg%3E\" data-srcset=\"https:\/\/www.demirkolpet.com\/de\/wp-content\/uploads\/2020\/02\/lamb-headskin2-66x66.jpg 66w, https:\/\/www.demirkolpet.com\/de\/wp-content\/uploads\/2020\/02\/lamb-headskin2-150x150.jpg 150w, https:\/\/www.demirkolpet.com\/de\/wp-content\/uploads\/2020\/02\/lamb-headskin2-200x200.jpg 200w, https:\/\/www.demirkolpet.com\/de\/wp-content\/uploads\/2020\/02\/lamb-headskin2-300x300.jpg 300w, https:\/\/www.demirkolpet.com\/de\/wp-content\/uploads\/2020\/02\/lamb-headskin2-400x400.jpg 400w, https:\/\/www.demirkolpet.com\/de\/wp-content\/uploads\/2020\/02\/lamb-headskin2.jpg 500w\" data-sizes=\"auto\" data-orig-sizes=\"(max-width: 500px) 100vw, 500px\" \/><\/p>\n","protected":false},"excerpt":{"rendered":"<p>Lammkopfhaut Reine, sorgf\u00e4ltig getrocknete Lammkopfhaut. Leder von durchschnittlicher Daumengr\u00f6\u00dfe bis  [&#8230;]<\/p>\n","protected":false},"author":1,"featured_media":0,"parent":0,"menu_order":0,"comment_status":"closed","ping_status":"closed","template":"","meta":{"footnotes":""},"class_list":["post-110","page","type-page","status-publish","hentry"],"_links":{"self":[{"href":"https:\/\/www.demirkolpet.com\/de\/wp-json\/wp\/v2\/pages\/110","targetHints":{"allow":["GET"]}}],"collection":[{"href":"https:\/\/www.demirkolpet.com\/de\/wp-json\/wp\/v2\/pages"}],"about":[{"href":"https:\/\/www.demirkolpet.com\/de\/wp-json\/wp\/v2\/types\/page"}],"author":[{"embeddable":true,"href":"https:\/\/www.demirkolpet.com\/de\/wp-json\/wp\/v2\/users\/1"}],"replies":[{"embeddable":true,"href":"https:\/\/www.demirkolpet.com\/de\/wp-json\/wp\/v2\/comments?post=110"}],"version-history":[{"count":5,"href":"https:\/\/www.demirkolpet.com\/de\/wp-json\/wp\/v2\/pages\/110\/revisions"}],"predecessor-version":[{"id":620,"href":"https:\/\/www.demirkolpet.com\/de\/wp-json\/wp\/v2\/pages\/110\/revisions\/620"}],"wp:attachment":[{"href":"https:\/\/www.demirkolpet.com\/de\/wp-json\/wp\/v2\/media?parent=110"}],"curies":[{"name":"wp","href":"https:\/\/api.w.org\/{rel}","templated":true}]}}