{"id":107,"date":"2020-02-08T10:47:34","date_gmt":"2020-02-08T07:47:34","guid":{"rendered":"https:\/\/www.demirkolpet.com\/de\/?page_id=107"},"modified":"2020-03-05T14:47:07","modified_gmt":"2020-03-05T11:47:07","slug":"lammstrossen","status":"publish","type":"page","link":"https:\/\/www.demirkolpet.com\/de\/lammstrossen\/","title":{"rendered":"Lammstrossen"},"content":{"rendered":"<h1>Lammstrossen<\/h1>\n<p>Demirkol getrockneter Lammstrossen. Der Kehlkopf des Lammes ist sehr weich, das Kauvergn\u00fcgen ist gro\u00dfartig. Es ist sehr gut f\u00fcr kleine Hunde geeignet. Bei gro\u00dfen Hunden haben sie lange Freude am Kauen.\u00a0\u00a0Es ist sehr gut f\u00fcr Hunde mit Allergien, weil es sch\u00f6n ist, den Lammstrossen zu kauen.<\/p>\n<p>Lammstrossen wird aus frisch geschnittenen Rohstoffen gewonnen. Es enth\u00e4lt keine Chemikalien, es wurde sorgf\u00e4ltig auf ganz nat\u00fcrliche Weise getrocknet. Substanzen wie Aroma, Farbe, Knochenpulver wurden nicht verwendet. Hergestellt in der T\u00fcrkei!<\/p>\n<h3>Komponenten-Mindestwerte,<\/h3>\n<p>Rohproteinwert: 71.5%<\/p>\n<p>Roh\u00f6l: 13,9%<\/p>\n<p>Rohe Asche: 4,1%<\/p>\n<p>Rohe Asche: 15- 20 cm<\/p>\n<p><img decoding=\"async\" class=\"lazyload alignnone size-full wp-image-315\" src=\"https:\/\/www.demirkolpet.com\/de\/wp-content\/uploads\/2020\/02\/lamb-airpipe.jpg\" data-orig-src=\"https:\/\/www.demirkolpet.com\/de\/wp-content\/uploads\/2020\/02\/lamb-airpipe.jpg\" alt=\"\" width=\"500\" height=\"500\" srcset=\"data:image\/svg+xml,%3Csvg%20xmlns%3D%27http%3A%2F%2Fwww.w3.org%2F2000%2Fsvg%27%20width%3D%27500%27%20height%3D%27500%27%20viewBox%3D%270%200%20500%20500%27%3E%3Crect%20width%3D%27500%27%20height%3D%27500%27%20fill-opacity%3D%220%22%2F%3E%3C%2Fsvg%3E\" data-srcset=\"https:\/\/www.demirkolpet.com\/de\/wp-content\/uploads\/2020\/02\/lamb-airpipe-66x66.jpg 66w, https:\/\/www.demirkolpet.com\/de\/wp-content\/uploads\/2020\/02\/lamb-airpipe-150x150.jpg 150w, https:\/\/www.demirkolpet.com\/de\/wp-content\/uploads\/2020\/02\/lamb-airpipe-200x200.jpg 200w, https:\/\/www.demirkolpet.com\/de\/wp-content\/uploads\/2020\/02\/lamb-airpipe-300x300.jpg 300w, https:\/\/www.demirkolpet.com\/de\/wp-content\/uploads\/2020\/02\/lamb-airpipe-400x400.jpg 400w, https:\/\/www.demirkolpet.com\/de\/wp-content\/uploads\/2020\/02\/lamb-airpipe.jpg 500w\" data-sizes=\"auto\" data-orig-sizes=\"(max-width: 500px) 100vw, 500px\" \/> <img decoding=\"async\" class=\"lazyload alignnone size-full wp-image-317\" src=\"https:\/\/www.demirkolpet.com\/de\/wp-content\/uploads\/2020\/02\/lamb-airpipe2.jpg\" data-orig-src=\"https:\/\/www.demirkolpet.com\/de\/wp-content\/uploads\/2020\/02\/lamb-airpipe2.jpg\" alt=\"\" width=\"500\" height=\"500\" srcset=\"data:image\/svg+xml,%3Csvg%20xmlns%3D%27http%3A%2F%2Fwww.w3.org%2F2000%2Fsvg%27%20width%3D%27500%27%20height%3D%27500%27%20viewBox%3D%270%200%20500%20500%27%3E%3Crect%20width%3D%27500%27%20height%3D%27500%27%20fill-opacity%3D%220%22%2F%3E%3C%2Fsvg%3E\" data-srcset=\"https:\/\/www.demirkolpet.com\/de\/wp-content\/uploads\/2020\/02\/lamb-airpipe2-66x66.jpg 66w, https:\/\/www.demirkolpet.com\/de\/wp-content\/uploads\/2020\/02\/lamb-airpipe2-150x150.jpg 150w, https:\/\/www.demirkolpet.com\/de\/wp-content\/uploads\/2020\/02\/lamb-airpipe2-200x200.jpg 200w, https:\/\/www.demirkolpet.com\/de\/wp-content\/uploads\/2020\/02\/lamb-airpipe2-300x300.jpg 300w, https:\/\/www.demirkolpet.com\/de\/wp-content\/uploads\/2020\/02\/lamb-airpipe2-400x400.jpg 400w, https:\/\/www.demirkolpet.com\/de\/wp-content\/uploads\/2020\/02\/lamb-airpipe2.jpg 500w\" data-sizes=\"auto\" data-orig-sizes=\"(max-width: 500px) 100vw, 500px\" \/><\/p>\n","protected":false},"excerpt":{"rendered":"<p>Lammstrossen Demirkol getrockneter Lammstrossen. Der Kehlkopf des Lammes ist sehr  [&#8230;]<\/p>\n","protected":false},"author":1,"featured_media":0,"parent":0,"menu_order":0,"comment_status":"closed","ping_status":"closed","template":"","meta":{"footnotes":""},"class_list":["post-107","page","type-page","status-publish","hentry"],"_links":{"self":[{"href":"https:\/\/www.demirkolpet.com\/de\/wp-json\/wp\/v2\/pages\/107","targetHints":{"allow":["GET"]}}],"collection":[{"href":"https:\/\/www.demirkolpet.com\/de\/wp-json\/wp\/v2\/pages"}],"about":[{"href":"https:\/\/www.demirkolpet.com\/de\/wp-json\/wp\/v2\/types\/page"}],"author":[{"embeddable":true,"href":"https:\/\/www.demirkolpet.com\/de\/wp-json\/wp\/v2\/users\/1"}],"replies":[{"embeddable":true,"href":"https:\/\/www.demirkolpet.com\/de\/wp-json\/wp\/v2\/comments?post=107"}],"version-history":[{"count":6,"href":"https:\/\/www.demirkolpet.com\/de\/wp-json\/wp\/v2\/pages\/107\/revisions"}],"predecessor-version":[{"id":641,"href":"https:\/\/www.demirkolpet.com\/de\/wp-json\/wp\/v2\/pages\/107\/revisions\/641"}],"wp:attachment":[{"href":"https:\/\/www.demirkolpet.com\/de\/wp-json\/wp\/v2\/media?parent=107"}],"curies":[{"name":"wp","href":"https:\/\/api.w.org\/{rel}","templated":true}]}}