{"id":104,"date":"2020-02-08T10:46:49","date_gmt":"2020-02-08T07:46:49","guid":{"rendered":"https:\/\/www.demirkolpet.com\/de\/?page_id=104"},"modified":"2020-03-05T15:23:56","modified_gmt":"2020-03-05T12:23:56","slug":"lamm-penis","status":"publish","type":"page","link":"https:\/\/www.demirkolpet.com\/de\/lamm-penis\/","title":{"rendered":"Lammziemer"},"content":{"rendered":"<h1>Lammziemer<\/h1>\n<p>Es kann eine kalorienarme, praktische Portion sein. Lammziemern sind f\u00fcr jeden Hund geeignet. Lammpenisse sind in jeder Hinsicht eine gute Wahl. Ideal f\u00fcr einen Snack nach einem Spaziergang oder als Dessert nach einer t\u00e4glichen Di\u00e4t. Lammziemer sorgen dank ihrer extrem harten Textur f\u00fcr lang anhaltenden Spa\u00df beim Kauen. Es ist f\u00fcr alle Hunde geeignet, egal wie alt oder wie gro\u00df. Es ist sehr gut geeignet f\u00fcr Hunde, die zur Gewichtszunahme neigen. Alle bestehen aus wertvollen Proteinen und sind sehr kalorienarm.<\/p>\n<h3>Komponenten-Mindestwerte,<\/h3>\n<p>Rohproteinwert: 70.1%<\/p>\n<p>Roh\u00f6l: 11,3%<\/p>\n<p>Rohe Asche: 4,1%<\/p>\n<p>Feuchtigkeit: 9<\/p>\n<p><img decoding=\"async\" class=\"lazyload alignnone size-full wp-image-301\" src=\"https:\/\/www.demirkolpet.com\/de\/wp-content\/uploads\/2020\/02\/lamb-pizzle3.jpg\" data-orig-src=\"https:\/\/www.demirkolpet.com\/de\/wp-content\/uploads\/2020\/02\/lamb-pizzle3.jpg\" alt=\"\" width=\"500\" height=\"500\" srcset=\"data:image\/svg+xml,%3Csvg%20xmlns%3D%27http%3A%2F%2Fwww.w3.org%2F2000%2Fsvg%27%20width%3D%27500%27%20height%3D%27500%27%20viewBox%3D%270%200%20500%20500%27%3E%3Crect%20width%3D%27500%27%20height%3D%27500%27%20fill-opacity%3D%220%22%2F%3E%3C%2Fsvg%3E\" data-srcset=\"https:\/\/www.demirkolpet.com\/de\/wp-content\/uploads\/2020\/02\/lamb-pizzle3-66x66.jpg 66w, https:\/\/www.demirkolpet.com\/de\/wp-content\/uploads\/2020\/02\/lamb-pizzle3-150x150.jpg 150w, https:\/\/www.demirkolpet.com\/de\/wp-content\/uploads\/2020\/02\/lamb-pizzle3-200x200.jpg 200w, https:\/\/www.demirkolpet.com\/de\/wp-content\/uploads\/2020\/02\/lamb-pizzle3-300x300.jpg 300w, https:\/\/www.demirkolpet.com\/de\/wp-content\/uploads\/2020\/02\/lamb-pizzle3-400x400.jpg 400w, https:\/\/www.demirkolpet.com\/de\/wp-content\/uploads\/2020\/02\/lamb-pizzle3.jpg 500w\" data-sizes=\"auto\" data-orig-sizes=\"(max-width: 500px) 100vw, 500px\" \/> <img decoding=\"async\" class=\"lazyload alignnone size-full wp-image-303\" src=\"https:\/\/www.demirkolpet.com\/de\/wp-content\/uploads\/2020\/02\/lamb-pizzle.jpg\" data-orig-src=\"https:\/\/www.demirkolpet.com\/de\/wp-content\/uploads\/2020\/02\/lamb-pizzle.jpg\" alt=\"\" width=\"500\" height=\"500\" srcset=\"data:image\/svg+xml,%3Csvg%20xmlns%3D%27http%3A%2F%2Fwww.w3.org%2F2000%2Fsvg%27%20width%3D%27500%27%20height%3D%27500%27%20viewBox%3D%270%200%20500%20500%27%3E%3Crect%20width%3D%27500%27%20height%3D%27500%27%20fill-opacity%3D%220%22%2F%3E%3C%2Fsvg%3E\" data-srcset=\"https:\/\/www.demirkolpet.com\/de\/wp-content\/uploads\/2020\/02\/lamb-pizzle-66x66.jpg 66w, https:\/\/www.demirkolpet.com\/de\/wp-content\/uploads\/2020\/02\/lamb-pizzle-150x150.jpg 150w, https:\/\/www.demirkolpet.com\/de\/wp-content\/uploads\/2020\/02\/lamb-pizzle-200x200.jpg 200w, https:\/\/www.demirkolpet.com\/de\/wp-content\/uploads\/2020\/02\/lamb-pizzle-300x300.jpg 300w, https:\/\/www.demirkolpet.com\/de\/wp-content\/uploads\/2020\/02\/lamb-pizzle-400x400.jpg 400w, https:\/\/www.demirkolpet.com\/de\/wp-content\/uploads\/2020\/02\/lamb-pizzle.jpg 500w\" data-sizes=\"auto\" data-orig-sizes=\"(max-width: 500px) 100vw, 500px\" \/><\/p>\n","protected":false},"excerpt":{"rendered":"<p>Lammziemer Es kann eine kalorienarme, praktische Portion sein. Lammziemern sind  [&#8230;]<\/p>\n","protected":false},"author":1,"featured_media":0,"parent":0,"menu_order":0,"comment_status":"closed","ping_status":"closed","template":"","meta":{"footnotes":""},"class_list":["post-104","page","type-page","status-publish","hentry"],"_links":{"self":[{"href":"https:\/\/www.demirkolpet.com\/de\/wp-json\/wp\/v2\/pages\/104","targetHints":{"allow":["GET"]}}],"collection":[{"href":"https:\/\/www.demirkolpet.com\/de\/wp-json\/wp\/v2\/pages"}],"about":[{"href":"https:\/\/www.demirkolpet.com\/de\/wp-json\/wp\/v2\/types\/page"}],"author":[{"embeddable":true,"href":"https:\/\/www.demirkolpet.com\/de\/wp-json\/wp\/v2\/users\/1"}],"replies":[{"embeddable":true,"href":"https:\/\/www.demirkolpet.com\/de\/wp-json\/wp\/v2\/comments?post=104"}],"version-history":[{"count":6,"href":"https:\/\/www.demirkolpet.com\/de\/wp-json\/wp\/v2\/pages\/104\/revisions"}],"predecessor-version":[{"id":652,"href":"https:\/\/www.demirkolpet.com\/de\/wp-json\/wp\/v2\/pages\/104\/revisions\/652"}],"wp:attachment":[{"href":"https:\/\/www.demirkolpet.com\/de\/wp-json\/wp\/v2\/media?parent=104"}],"curies":[{"name":"wp","href":"https:\/\/api.w.org\/{rel}","templated":true}]}}