{"id":101,"date":"2020-02-08T10:46:07","date_gmt":"2020-02-08T07:46:07","guid":{"rendered":"https:\/\/www.demirkolpet.com\/de\/?page_id=101"},"modified":"2020-03-05T14:43:12","modified_gmt":"2020-03-05T11:43:12","slug":"dusenstift","status":"publish","type":"page","link":"https:\/\/www.demirkolpet.com\/de\/dusenstift\/","title":{"rendered":"Euter Sticks"},"content":{"rendered":"<h1>Euter Sticks 15cm &amp; Euter Wurfel<\/h1>\n<p>Ein kleiner Leckerbissen aus der Kuhbrust! Der Brustw\u00fcrfel reinigt aufgrund seines harten Zustands auch die Z\u00e4hne. Perfekt f\u00fcr Welpen und kleine Hunde. Hergestellt in der T\u00fcrkei. Es enth\u00e4lt keine k\u00fcnstlichen Lebensmittel, Farbstoffe oder Konservierungsstoffe.<\/p>\n<h3>Komponenten-Mindestwerte,<\/h3>\n<p>Rohproteinwert: 76,3%<\/p>\n<p>Roh\u00f6l: 9,2%<\/p>\n<p>Rohe Asche: 4,4%<\/p>\n<p>L\u00e4nge: 12-15 cm oder W\u00fcrfel<\/p>\n<p><img decoding=\"async\" class=\"lazyload alignnone size-full wp-image-275\" src=\"https:\/\/www.demirkolpet.com\/de\/wp-content\/uploads\/2020\/02\/meme-cubuk4.jpg\" data-orig-src=\"https:\/\/www.demirkolpet.com\/de\/wp-content\/uploads\/2020\/02\/meme-cubuk4.jpg\" alt=\"\" width=\"500\" height=\"500\" srcset=\"data:image\/svg+xml,%3Csvg%20xmlns%3D%27http%3A%2F%2Fwww.w3.org%2F2000%2Fsvg%27%20width%3D%27500%27%20height%3D%27500%27%20viewBox%3D%270%200%20500%20500%27%3E%3Crect%20width%3D%27500%27%20height%3D%27500%27%20fill-opacity%3D%220%22%2F%3E%3C%2Fsvg%3E\" data-srcset=\"https:\/\/www.demirkolpet.com\/de\/wp-content\/uploads\/2020\/02\/meme-cubuk4-66x66.jpg 66w, https:\/\/www.demirkolpet.com\/de\/wp-content\/uploads\/2020\/02\/meme-cubuk4-150x150.jpg 150w, https:\/\/www.demirkolpet.com\/de\/wp-content\/uploads\/2020\/02\/meme-cubuk4-200x200.jpg 200w, https:\/\/www.demirkolpet.com\/de\/wp-content\/uploads\/2020\/02\/meme-cubuk4-300x300.jpg 300w, https:\/\/www.demirkolpet.com\/de\/wp-content\/uploads\/2020\/02\/meme-cubuk4-400x400.jpg 400w, https:\/\/www.demirkolpet.com\/de\/wp-content\/uploads\/2020\/02\/meme-cubuk4.jpg 500w\" data-sizes=\"auto\" data-orig-sizes=\"(max-width: 500px) 100vw, 500px\" \/><img decoding=\"async\" class=\"lazyload alignnone size-full wp-image-277\" src=\"https:\/\/www.demirkolpet.com\/de\/wp-content\/uploads\/2020\/02\/udderhappen.jpg\" data-orig-src=\"https:\/\/www.demirkolpet.com\/de\/wp-content\/uploads\/2020\/02\/udderhappen.jpg\" alt=\"\" width=\"500\" height=\"500\" srcset=\"data:image\/svg+xml,%3Csvg%20xmlns%3D%27http%3A%2F%2Fwww.w3.org%2F2000%2Fsvg%27%20width%3D%27500%27%20height%3D%27500%27%20viewBox%3D%270%200%20500%20500%27%3E%3Crect%20width%3D%27500%27%20height%3D%27500%27%20fill-opacity%3D%220%22%2F%3E%3C%2Fsvg%3E\" data-srcset=\"https:\/\/www.demirkolpet.com\/de\/wp-content\/uploads\/2020\/02\/udderhappen-66x66.jpg 66w, https:\/\/www.demirkolpet.com\/de\/wp-content\/uploads\/2020\/02\/udderhappen-150x150.jpg 150w, https:\/\/www.demirkolpet.com\/de\/wp-content\/uploads\/2020\/02\/udderhappen-200x200.jpg 200w, https:\/\/www.demirkolpet.com\/de\/wp-content\/uploads\/2020\/02\/udderhappen-300x300.jpg 300w, https:\/\/www.demirkolpet.com\/de\/wp-content\/uploads\/2020\/02\/udderhappen-400x400.jpg 400w, https:\/\/www.demirkolpet.com\/de\/wp-content\/uploads\/2020\/02\/udderhappen.jpg 500w\" data-sizes=\"auto\" data-orig-sizes=\"(max-width: 500px) 100vw, 500px\" \/><\/p>\n","protected":false},"excerpt":{"rendered":"<p>Euter Sticks 15cm &amp; Euter Wurfel Ein kleiner Leckerbissen aus  [&#8230;]<\/p>\n","protected":false},"author":1,"featured_media":0,"parent":0,"menu_order":0,"comment_status":"closed","ping_status":"closed","template":"","meta":{"footnotes":""},"class_list":["post-101","page","type-page","status-publish","hentry"],"_links":{"self":[{"href":"https:\/\/www.demirkolpet.com\/de\/wp-json\/wp\/v2\/pages\/101","targetHints":{"allow":["GET"]}}],"collection":[{"href":"https:\/\/www.demirkolpet.com\/de\/wp-json\/wp\/v2\/pages"}],"about":[{"href":"https:\/\/www.demirkolpet.com\/de\/wp-json\/wp\/v2\/types\/page"}],"author":[{"embeddable":true,"href":"https:\/\/www.demirkolpet.com\/de\/wp-json\/wp\/v2\/users\/1"}],"replies":[{"embeddable":true,"href":"https:\/\/www.demirkolpet.com\/de\/wp-json\/wp\/v2\/comments?post=101"}],"version-history":[{"count":6,"href":"https:\/\/www.demirkolpet.com\/de\/wp-json\/wp\/v2\/pages\/101\/revisions"}],"predecessor-version":[{"id":637,"href":"https:\/\/www.demirkolpet.com\/de\/wp-json\/wp\/v2\/pages\/101\/revisions\/637"}],"wp:attachment":[{"href":"https:\/\/www.demirkolpet.com\/de\/wp-json\/wp\/v2\/media?parent=101"}],"curies":[{"name":"wp","href":"https:\/\/api.w.org\/{rel}","templated":true}]}}